{"id":648,"date":"2025-02-26T17:18:06","date_gmt":"2025-02-26T17:18:06","guid":{"rendered":"https:\/\/metalforming.hu\/?page_id=648"},"modified":"2025-02-26T17:19:20","modified_gmt":"2025-02-26T17:19:20","slug":"hirdetesek","status":"publish","type":"page","link":"https:\/\/metalforming.hu\/en\/hirdetesek\/","title":{"rendered":"Advertisements"},"content":{"rendered":"<div data-elementor-type=\"wp-page\" data-elementor-id=\"648\" class=\"elementor elementor-648\" data-elementor-post-type=\"page\">\n\t\t\t\t\t\t<section class=\"elementor-section elementor-top-section elementor-element elementor-element-4a06b56 elementor-section-boxed elementor-section-height-default elementor-section-height-default\" data-id=\"4a06b56\" data-element_type=\"section\" data-e-type=\"section\" data-settings=\"{&quot;background_background&quot;:&quot;classic&quot;}\">\n\t\t\t\t\t\t\t<div class=\"elementor-background-overlay\"><\/div>\n\t\t\t\t\t\t\t<div class=\"elementor-container elementor-column-gap-default\">\n\t\t\t\t\t<div class=\"elementor-column elementor-col-100 elementor-top-column elementor-element elementor-element-32247f6\" data-id=\"32247f6\" data-element_type=\"column\" data-e-type=\"column\">\n\t\t\t<div class=\"elementor-widget-wrap elementor-element-populated\">\n\t\t\t\t\t\t<section class=\"elementor-section elementor-inner-section elementor-element elementor-element-b8d3738 elementor-section-boxed elementor-section-height-default elementor-section-height-default\" data-id=\"b8d3738\" data-element_type=\"section\" data-e-type=\"section\">\n\t\t\t\t\t\t<div class=\"elementor-container elementor-column-gap-default\">\n\t\t\t\t\t<div class=\"elementor-column elementor-col-100 elementor-inner-column elementor-element elementor-element-9a78362\" data-id=\"9a78362\" data-element_type=\"column\" data-e-type=\"column\">\n\t\t\t<div class=\"elementor-widget-wrap elementor-element-populated\">\n\t\t\t\t\t\t<div class=\"elementor-element elementor-element-53461ce elementor-widget elementor-widget-heading\" data-id=\"53461ce\" data-element_type=\"widget\" data-e-type=\"widget\" data-widget_type=\"heading.default\">\n\t\t\t\t<div class=\"elementor-widget-container\">\n\t\t\t\t\t<h1 class=\"elementor-heading-title elementor-size-default\">Advertisements<\/h1>\t\t\t\t<\/div>\n\t\t\t\t<\/div>\n\t\t\t\t<div class=\"elementor-element elementor-element-d5e9683 elementor-widget elementor-widget-heading\" data-id=\"d5e9683\" data-element_type=\"widget\" data-e-type=\"widget\" data-widget_type=\"heading.default\">\n\t\t\t\t<div class=\"elementor-widget-container\">\n\t\t\t\t\t<h3 class=\"elementor-heading-title elementor-size-default\">Our products for sale<\/h3>\t\t\t\t<\/div>\n\t\t\t\t<\/div>\n\t\t\t\t\t<\/div>\n\t\t<\/div>\n\t\t\t\t\t<\/div>\n\t\t<\/section>\n\t\t\t\t\t<\/div>\n\t\t<\/div>\n\t\t\t\t\t<\/div>\n\t\t<\/section>\n\t\t<div class=\"elementor-element elementor-element-93838a3 e-flex e-con-boxed e-con e-parent\" data-id=\"93838a3\" data-element_type=\"container\" data-e-type=\"container\">\n\t\t\t\t\t<div class=\"e-con-inner\">\n\t\t\t\t<div class=\"elementor-element elementor-element-e879483 elementor-widget elementor-widget-html\" data-id=\"e879483\" data-element_type=\"widget\" data-e-type=\"widget\" data-widget_type=\"html.default\">\n\t\t\t\t<div class=\"elementor-widget-container\">\n\t\t\t\t\t<div id=\"aiFramePosition\" style=\"width: 100%; overflow: hidden\" data-ai-partner=\"227466\"><\/div>\r\n\r\n<script src=\"https:\/\/static.agroinform.hu\/static\/bootstrap\/js\/minify_partner_iframe_loader.js\"><\/script>\t\t\t\t<\/div>\n\t\t\t\t<\/div>\n\t\t\t\t\t<\/div>\n\t\t\t\t<\/div>\n\t\t\t\t<\/div>","protected":false},"excerpt":{"rendered":"<p>Our products for sale<\/p>","protected":false},"author":1,"featured_media":0,"parent":0,"menu_order":0,"comment_status":"closed","ping_status":"closed","template":"","meta":{"footnotes":""},"class_list":["post-648","page","type-page","status-publish","hentry"],"yoast_head":"<!-- This site is optimized with the Yoast SEO Premium plugin v27.3 (Yoast SEO v27.3) - https:\/\/yoast.com\/product\/yoast-seo-premium-wordpress\/ -->\n<title>Hirdet\u00e9sek - Metalforming<\/title>\n<meta name=\"description\" content=\"Magasmin\u0151s\u00e9g\u0171 f\u00e9mipari megold\u00e1sokat k\u00edn\u00e1lunk, bele\u00e9rtve munkag\u00e9p szerel\u00e9kek fel\u00faj\u00edt\u00e1s\u00e1t, anyagmegmunk\u00e1l\u00e1st \u00e9s egyedi ker\u00edt\u00e9sgy\u00e1rt\u00e1st.\" \/>\n<meta name=\"robots\" content=\"index, follow, max-snippet:-1, max-image-preview:large, max-video-preview:-1\" \/>\n<link rel=\"canonical\" href=\"https:\/\/metalforming.hu\/en\/hirdetesek\/\" \/>\n<meta property=\"og:locale\" content=\"en_GB\" \/>\n<meta property=\"og:type\" content=\"article\" \/>\n<meta property=\"og:title\" content=\"Hirdet\u00e9sek - Metalforming\" \/>\n<meta property=\"og:description\" content=\"Magasmin\u0151s\u00e9g\u0171 f\u00e9mipari megold\u00e1sokat k\u00edn\u00e1lunk, bele\u00e9rtve munkag\u00e9p szerel\u00e9kek fel\u00faj\u00edt\u00e1s\u00e1t, anyagmegmunk\u00e1l\u00e1st \u00e9s egyedi ker\u00edt\u00e9sgy\u00e1rt\u00e1st.\" \/>\n<meta property=\"og:url\" content=\"https:\/\/metalforming.hu\/en\/hirdetesek\/\" \/>\n<meta property=\"og:site_name\" content=\"Metalforming\" \/>\n<meta property=\"article:publisher\" content=\"https:\/\/www.facebook.com\/metalformingkft\" \/>\n<meta property=\"article:modified_time\" content=\"2025-02-26T17:19:20+00:00\" \/>\n<meta property=\"og:image\" content=\"https:\/\/metalforming.hu\/wp-content\/uploads\/2024\/12\/fitter-working-with-special-machine-for-welding-metal-e1694664966713.jpg\" \/>\n\t<meta property=\"og:image:width\" content=\"1280\" \/>\n\t<meta property=\"og:image:height\" content=\"854\" \/>\n\t<meta property=\"og:image:type\" content=\"image\/jpeg\" \/>\n<meta name=\"twitter:card\" content=\"summary_large_image\" \/>\n<script type=\"application\/ld+json\" class=\"yoast-schema-graph\">{\"@context\":\"https:\\\/\\\/schema.org\",\"@graph\":[{\"@type\":\"WebPage\",\"@id\":\"https:\\\/\\\/metalforming.hu\\\/hirdetesek\\\/\",\"url\":\"https:\\\/\\\/metalforming.hu\\\/hirdetesek\\\/\",\"name\":\"Hirdet\u00e9sek - Metalforming\",\"isPartOf\":{\"@id\":\"https:\\\/\\\/metalforming.hu\\\/#website\"},\"datePublished\":\"2025-02-26T17:18:06+00:00\",\"dateModified\":\"2025-02-26T17:19:20+00:00\",\"description\":\"Magasmin\u0151s\u00e9g\u0171 f\u00e9mipari megold\u00e1sokat k\u00edn\u00e1lunk, bele\u00e9rtve munkag\u00e9p szerel\u00e9kek fel\u00faj\u00edt\u00e1s\u00e1t, anyagmegmunk\u00e1l\u00e1st \u00e9s egyedi ker\u00edt\u00e9sgy\u00e1rt\u00e1st.\",\"breadcrumb\":{\"@id\":\"https:\\\/\\\/metalforming.hu\\\/hirdetesek\\\/#breadcrumb\"},\"inLanguage\":\"en-GB\",\"potentialAction\":[{\"@type\":\"ReadAction\",\"target\":[\"https:\\\/\\\/metalforming.hu\\\/hirdetesek\\\/\"]}]},{\"@type\":\"BreadcrumbList\",\"@id\":\"https:\\\/\\\/metalforming.hu\\\/hirdetesek\\\/#breadcrumb\",\"itemListElement\":[{\"@type\":\"ListItem\",\"position\":1,\"name\":\"Kezd\u0151lap\",\"item\":\"https:\\\/\\\/metalforming.hu\\\/\"},{\"@type\":\"ListItem\",\"position\":2,\"name\":\"Hirdet\u00e9sek\"}]},{\"@type\":\"WebSite\",\"@id\":\"https:\\\/\\\/metalforming.hu\\\/#website\",\"url\":\"https:\\\/\\\/metalforming.hu\\\/\",\"name\":\"Metalforming\",\"description\":\"F\u00e9mmegmunk\u00e1ll\u00e1s fels\u0151fokon\",\"potentialAction\":[{\"@type\":\"SearchAction\",\"target\":{\"@type\":\"EntryPoint\",\"urlTemplate\":\"https:\\\/\\\/metalforming.hu\\\/?s={search_term_string}\"},\"query-input\":{\"@type\":\"PropertyValueSpecification\",\"valueRequired\":true,\"valueName\":\"search_term_string\"}}],\"inLanguage\":\"en-GB\"}]}<\/script>\n<!-- \/ Yoast SEO Premium plugin. -->","yoast_head_json":{"title":"Hirdet\u00e9sek - Metalforming","description":"We offer high-quality metalworking solutions, including machine tool refurbishment, material processing and custom fence manufacturing.","robots":{"index":"index","follow":"follow","max-snippet":"max-snippet:-1","max-image-preview":"max-image-preview:large","max-video-preview":"max-video-preview:-1"},"canonical":"https:\/\/metalforming.hu\/en\/hirdetesek\/","og_locale":"en_GB","og_type":"article","og_title":"Hirdet\u00e9sek - Metalforming","og_description":"Magasmin\u0151s\u00e9g\u0171 f\u00e9mipari megold\u00e1sokat k\u00edn\u00e1lunk, bele\u00e9rtve munkag\u00e9p szerel\u00e9kek fel\u00faj\u00edt\u00e1s\u00e1t, anyagmegmunk\u00e1l\u00e1st \u00e9s egyedi ker\u00edt\u00e9sgy\u00e1rt\u00e1st.","og_url":"https:\/\/metalforming.hu\/en\/hirdetesek\/","og_site_name":"Metalforming","article_publisher":"https:\/\/www.facebook.com\/metalformingkft","article_modified_time":"2025-02-26T17:19:20+00:00","og_image":[{"width":1280,"height":854,"url":"https:\/\/metalforming.hu\/wp-content\/uploads\/2024\/12\/fitter-working-with-special-machine-for-welding-metal-e1694664966713.jpg","type":"image\/jpeg"}],"twitter_card":"summary_large_image","schema":{"@context":"https:\/\/schema.org","@graph":[{"@type":"WebPage","@id":"https:\/\/metalforming.hu\/hirdetesek\/","url":"https:\/\/metalforming.hu\/hirdetesek\/","name":"Hirdet\u00e9sek - Metalforming","isPartOf":{"@id":"https:\/\/metalforming.hu\/#website"},"datePublished":"2025-02-26T17:18:06+00:00","dateModified":"2025-02-26T17:19:20+00:00","description":"We offer high-quality metalworking solutions, including machine tool refurbishment, material processing and custom fence manufacturing.","breadcrumb":{"@id":"https:\/\/metalforming.hu\/hirdetesek\/#breadcrumb"},"inLanguage":"en-GB","potentialAction":[{"@type":"ReadAction","target":["https:\/\/metalforming.hu\/hirdetesek\/"]}]},{"@type":"BreadcrumbList","@id":"https:\/\/metalforming.hu\/hirdetesek\/#breadcrumb","itemListElement":[{"@type":"ListItem","position":1,"name":"Kezd\u0151lap","item":"https:\/\/metalforming.hu\/"},{"@type":"ListItem","position":2,"name":"Hirdet\u00e9sek"}]},{"@type":"WebSite","@id":"https:\/\/metalforming.hu\/#website","url":"https:\/\/metalforming.hu\/","name":"Metal forming","description":"Metalworking at the higher level","potentialAction":[{"@type":"SearchAction","target":{"@type":"EntryPoint","urlTemplate":"https:\/\/metalforming.hu\/?s={search_term_string}"},"query-input":{"@type":"PropertyValueSpecification","valueRequired":true,"valueName":"search_term_string"}}],"inLanguage":"en-GB"}]}},"_links":{"self":[{"href":"https:\/\/metalforming.hu\/en\/wp-json\/wp\/v2\/pages\/648","targetHints":{"allow":["GET"]}}],"collection":[{"href":"https:\/\/metalforming.hu\/en\/wp-json\/wp\/v2\/pages"}],"about":[{"href":"https:\/\/metalforming.hu\/en\/wp-json\/wp\/v2\/types\/page"}],"author":[{"embeddable":true,"href":"https:\/\/metalforming.hu\/en\/wp-json\/wp\/v2\/users\/1"}],"replies":[{"embeddable":true,"href":"https:\/\/metalforming.hu\/en\/wp-json\/wp\/v2\/comments?post=648"}],"version-history":[{"count":0,"href":"https:\/\/metalforming.hu\/en\/wp-json\/wp\/v2\/pages\/648\/revisions"}],"wp:attachment":[{"href":"https:\/\/metalforming.hu\/en\/wp-json\/wp\/v2\/media?parent=648"}],"curies":[{"name":"wp","href":"https:\/\/api.w.org\/{rel}","templated":true}]}}