{"id":676,"date":"2025-11-17T11:23:52","date_gmt":"2025-11-17T11:23:52","guid":{"rendered":"https:\/\/metalforming.hu\/?page_id=676"},"modified":"2026-01-28T09:29:25","modified_gmt":"2026-01-28T09:29:25","slug":"gepberles","status":"publish","type":"page","link":"https:\/\/metalforming.hu\/en\/gepberles\/","title":{"rendered":"Machine rental"},"content":{"rendered":"<div data-elementor-type=\"wp-page\" data-elementor-id=\"676\" class=\"elementor elementor-676\" data-elementor-post-type=\"page\">\n\t\t\t\t\t\t<section class=\"elementor-section elementor-top-section elementor-element elementor-element-dce94d0 elementor-section-boxed elementor-section-height-default elementor-section-height-default\" data-id=\"dce94d0\" data-element_type=\"section\" data-e-type=\"section\" data-settings=\"{&quot;background_background&quot;:&quot;classic&quot;}\">\n\t\t\t\t\t\t\t<div class=\"elementor-background-overlay\"><\/div>\n\t\t\t\t\t\t\t<div class=\"elementor-container elementor-column-gap-default\">\n\t\t\t\t\t<div class=\"elementor-column elementor-col-100 elementor-top-column elementor-element elementor-element-ca263be\" data-id=\"ca263be\" data-element_type=\"column\" data-e-type=\"column\">\n\t\t\t<div class=\"elementor-widget-wrap elementor-element-populated\">\n\t\t\t\t\t\t<section class=\"elementor-section elementor-inner-section elementor-element elementor-element-8f97e93 elementor-section-boxed elementor-section-height-default elementor-section-height-default\" data-id=\"8f97e93\" data-element_type=\"section\" data-e-type=\"section\">\n\t\t\t\t\t\t<div class=\"elementor-container elementor-column-gap-default\">\n\t\t\t\t\t<div class=\"elementor-column elementor-col-100 elementor-inner-column elementor-element elementor-element-fd17037\" data-id=\"fd17037\" data-element_type=\"column\" data-e-type=\"column\">\n\t\t\t<div class=\"elementor-widget-wrap elementor-element-populated\">\n\t\t\t\t\t\t<div class=\"elementor-element elementor-element-acb69bb elementor-widget elementor-widget-heading\" data-id=\"acb69bb\" data-element_type=\"widget\" data-e-type=\"widget\" data-widget_type=\"heading.default\">\n\t\t\t\t<div class=\"elementor-widget-container\">\n\t\t\t\t\t<h1 class=\"elementor-heading-title elementor-size-default\">Machine rental<\/h1>\t\t\t\t<\/div>\n\t\t\t\t<\/div>\n\t\t\t\t\t<\/div>\n\t\t<\/div>\n\t\t\t\t\t<\/div>\n\t\t<\/section>\n\t\t\t\t\t<\/div>\n\t\t<\/div>\n\t\t\t\t\t<\/div>\n\t\t<\/section>\n\t\t\t\t<section class=\"elementor-section elementor-top-section elementor-element elementor-element-2f2a3d6 elementor-section-boxed elementor-section-height-default elementor-section-height-default\" data-id=\"2f2a3d6\" data-element_type=\"section\" data-e-type=\"section\">\n\t\t\t\t\t\t<div class=\"elementor-container elementor-column-gap-default\">\n\t\t\t\t\t<div class=\"elementor-column elementor-col-100 elementor-top-column elementor-element elementor-element-7fd872e\" data-id=\"7fd872e\" data-element_type=\"column\" data-e-type=\"column\">\n\t\t\t<div class=\"elementor-widget-wrap elementor-element-populated\">\n\t\t\t\t\t\t<section class=\"elementor-section elementor-inner-section elementor-element elementor-element-f28dffe elementor-reverse-mobile elementor-section-boxed elementor-section-height-default elementor-section-height-default\" data-id=\"f28dffe\" data-element_type=\"section\" data-e-type=\"section\">\n\t\t\t\t\t\t<div class=\"elementor-container elementor-column-gap-default\">\n\t\t\t\t\t<div class=\"elementor-column elementor-col-50 elementor-inner-column elementor-element elementor-element-3cc7244\" data-id=\"3cc7244\" data-element_type=\"column\" data-e-type=\"column\" data-settings=\"{&quot;background_background&quot;:&quot;classic&quot;}\">\n\t\t\t<div class=\"elementor-widget-wrap elementor-element-populated\">\n\t\t\t\t\t\t<div class=\"elementor-element elementor-element-8815908 elementor-widget elementor-widget-image\" data-id=\"8815908\" data-element_type=\"widget\" data-e-type=\"widget\" data-widget_type=\"image.default\">\n\t\t\t\t<div class=\"elementor-widget-container\">\n\t\t\t\t\t\t\t\t\t\t\t\t\t\t\t<img fetchpriority=\"high\" decoding=\"async\" width=\"600\" height=\"600\" src=\"https:\/\/metalforming.hu\/wp-content\/uploads\/2025\/02\/betonkevero-kanal-01.jpg\" class=\"attachment-full size-full wp-image-333\" alt=\"\" srcset=\"https:\/\/metalforming.hu\/wp-content\/uploads\/2025\/02\/betonkevero-kanal-01.jpg 600w, https:\/\/metalforming.hu\/wp-content\/uploads\/2025\/02\/betonkevero-kanal-01-300x300.jpg 300w, https:\/\/metalforming.hu\/wp-content\/uploads\/2025\/02\/betonkevero-kanal-01-150x150.jpg 150w, https:\/\/metalforming.hu\/wp-content\/uploads\/2025\/02\/betonkevero-kanal-01-12x12.jpg 12w, https:\/\/metalforming.hu\/wp-content\/uploads\/2025\/02\/betonkevero-kanal-01-100x100.jpg 100w\" sizes=\"(max-width: 600px) 100vw, 600px\" \/>\t\t\t\t\t\t\t\t\t\t\t\t\t\t\t<\/div>\n\t\t\t\t<\/div>\n\t\t\t\t\t<\/div>\n\t\t<\/div>\n\t\t\t\t<div class=\"elementor-column elementor-col-50 elementor-inner-column elementor-element elementor-element-80bfca6\" data-id=\"80bfca6\" data-element_type=\"column\" data-e-type=\"column\">\n\t\t\t<div class=\"elementor-widget-wrap elementor-element-populated\">\n\t\t\t\t\t\t<div class=\"elementor-element elementor-element-be0b8b6 elementor-widget elementor-widget-heading\" data-id=\"be0b8b6\" data-element_type=\"widget\" data-e-type=\"widget\" data-widget_type=\"heading.default\">\n\t\t\t\t<div class=\"elementor-widget-container\">\n\t\t\t\t\t<h6 class=\"elementor-heading-title elementor-size-default\">For rent<\/h6>\t\t\t\t<\/div>\n\t\t\t\t<\/div>\n\t\t\t\t<div class=\"elementor-element elementor-element-38e7020 elementor-widget elementor-widget-heading\" data-id=\"38e7020\" data-element_type=\"widget\" data-e-type=\"widget\" data-widget_type=\"heading.default\">\n\t\t\t\t<div class=\"elementor-widget-container\">\n\t\t\t\t\t<h2 class=\"elementor-heading-title elementor-size-default\">Concrete mixing bucket<\/h2>\t\t\t\t<\/div>\n\t\t\t\t<\/div>\n\t\t\t\t<div class=\"elementor-element elementor-element-5d9b65b elementor-widget elementor-widget-text-editor\" data-id=\"5d9b65b\" data-element_type=\"widget\" data-e-type=\"widget\" data-widget_type=\"text-editor.default\">\n\t\t\t\t<div class=\"elementor-widget-container\">\n\t\t\t\t\t\t\t\t\t<p>THE <strong>0.8 m\u00b3 concrete mixing bucket<\/strong> an ideal choice for construction sites, road construction projects, or any on-site concrete mixing task.<\/p><p><strong>With replaceable connector<\/strong> has, so almost <strong>for any machine<\/strong> Easy to install \u2013 regardless of machine type.<\/p><p><span style=\"text-decoration: underline;\">Rental fees:\u00a0<\/span><strong style=\"background-color: transparent;\">Daily rental fee<\/strong><span style=\"background-color: transparent;\">: net 50,000 HUF<br \/><\/span><strong style=\"background-color: transparent;\">\u2013 Rental over 10 days<\/strong><span style=\"background-color: transparent;\">: net 40,000 HUF \/ day<br \/><\/span><strong style=\"background-color: transparent;\">\u2013 Rental over 30 days<\/strong><span style=\"background-color: transparent;\">: individual price \u2013 ask for our offer!<\/span><\/p><p><span style=\"text-decoration: underline;\">Deposit<\/span>: 150,000 HUF<\/p><p><span style=\"text-decoration: underline;\">Reception:\u00a0<\/span><strong style=\"background-color: transparent;\">Monday-Friday<\/strong><span style=\"background-color: transparent;\">: 8:00-16:00, by appointment<br \/><\/span><span style=\"background-color: transparent;\">\u00a0 \u00a0 \u00a0 \u00a0 \u00a0 \u00a0 \u00a0\u00a0<\/span><strong style=\"background-color: transparent;\">Weekend<\/strong><span style=\"background-color: transparent;\">: possible by arrangement<\/span><\/p>\t\t\t\t\t\t\t\t<\/div>\n\t\t\t\t<\/div>\n\t\t\t\t<div class=\"elementor-element elementor-element-3ec48eb elementor-align-left elementor-mobile-align-left elementor-widget elementor-widget-button\" data-id=\"3ec48eb\" data-element_type=\"widget\" data-e-type=\"widget\" data-widget_type=\"button.default\">\n\t\t\t\t<div class=\"elementor-widget-container\">\n\t\t\t\t\t\t\t\t\t<div class=\"elementor-button-wrapper\">\n\t\t\t\t\t<a class=\"elementor-button elementor-button-link elementor-size-sm\" href=\"#elementor-action%3Aaction%3Dpopup%3Aopen%26settings%3DeyJpZCI6IjcwMSIsInRvZ2dsZSI6ZmFsc2V9\">\n\t\t\t\t\t\t<span class=\"elementor-button-content-wrapper\">\n\t\t\t\t\t\t\t\t\t<span class=\"elementor-button-text\">I am interested.<\/span>\n\t\t\t\t\t<\/span>\n\t\t\t\t\t<\/a>\n\t\t\t\t<\/div>\n\t\t\t\t\t\t\t\t<\/div>\n\t\t\t\t<\/div>\n\t\t\t\t\t<\/div>\n\t\t<\/div>\n\t\t\t\t\t<\/div>\n\t\t<\/section>\n\t\t\t\t\t<\/div>\n\t\t<\/div>\n\t\t\t\t\t<\/div>\n\t\t<\/section>\n\t\t<div class=\"elementor-element elementor-element-bf0a73e e-flex e-con-boxed e-con e-parent\" data-id=\"bf0a73e\" data-element_type=\"container\" data-e-type=\"container\">\n\t\t\t\t\t<div class=\"e-con-inner\">\n\t\t\t\t<div class=\"elementor-element elementor-element-811dcdb elementor-widget elementor-widget-html\" data-id=\"811dcdb\" data-element_type=\"widget\" data-e-type=\"widget\" data-widget_type=\"html.default\">\n\t\t\t\t<div class=\"elementor-widget-container\">\n\t\t\t\t\t<iframe src=\"https:\/\/calendar.google.com\/calendar\/embed?height=600&wkst=1&ctz=Europe%2FBudapest&showPrint=0&src=YjE3NTc3YzQ0MmM2YjBhZTZiZDQ5NGIzYzg0ZDZlNjk2ZWFmZmVjNTI4NDYzZmVmOWQ2OWE2ZWQ3MjFjYjE4YUBncm91cC5jYWxlbmRhci5nb29nbGUuY29t&color=%237986cb\" style=\"border:solid 1px #777\" width=\"800\" height=\"600\" frameborder=\"0\" scrolling=\"no\"><\/iframe>\t\t\t\t<\/div>\n\t\t\t\t<\/div>\n\t\t\t\t\t<\/div>\n\t\t\t\t<\/div>\n\t\t\t\t<\/div>","protected":false},"excerpt":{"rendered":"<p>B\u00e9relhet\u0151 Betonkever\u0151 kan\u00e1l A 0,8 m\u00b3-es betonkever\u0151 kan\u00e1l ide\u00e1lis v\u00e1laszt\u00e1s \u00e9p\u00edtkez\u00e9sekhez, \u00fat\u00e9p\u00edt\u00e9si projektekhez, vagy b\u00e1rmilyen helysz\u00edni betonkever\u00e9si feladathoz. Cser\u00e9lhet\u0151 csatlakoz\u00f3val rendelkezik, \u00edgy szinte b\u00e1rmilyen munkag\u00e9pre k\u00f6nnyed\u00e9n felszerelhet\u0151 \u2013 g\u00e9pt\u00edpust\u00f3l f\u00fcggetlen\u00fcl. B\u00e9rleti d\u00edjak:\u00a0Napi b\u00e9rleti d\u00edj: nett\u00f3 50 000 Ft&#8211; 10 nap feletti b\u00e9rl\u00e9s: nett\u00f3 40 000 Ft \/ nap&#8211; 30 nap feletti b\u00e9rl\u00e9s: egyedi \u00e1r \u2013 [&hellip;]<\/p>\n","protected":false},"author":1,"featured_media":0,"parent":0,"menu_order":0,"comment_status":"closed","ping_status":"closed","template":"","meta":{"footnotes":""},"class_list":["post-676","page","type-page","status-publish","hentry"],"yoast_head":"<!-- This site is optimized with the Yoast SEO Premium plugin v27.3 (Yoast SEO v27.3) - https:\/\/yoast.com\/product\/yoast-seo-premium-wordpress\/ -->\n<title>G\u00e9pb\u00e9rl\u00e9s - Metalforming<\/title>\n<meta name=\"description\" content=\"Magasmin\u0151s\u00e9g\u0171 f\u00e9mipari megold\u00e1sokat k\u00edn\u00e1lunk, bele\u00e9rtve munkag\u00e9p szerel\u00e9kek fel\u00faj\u00edt\u00e1s\u00e1t, anyagmegmunk\u00e1l\u00e1st \u00e9s egyedi ker\u00edt\u00e9sgy\u00e1rt\u00e1st.\" \/>\n<meta name=\"robots\" content=\"index, follow, max-snippet:-1, max-image-preview:large, max-video-preview:-1\" \/>\n<link rel=\"canonical\" href=\"https:\/\/metalforming.hu\/en\/gepberles\/\" \/>\n<meta property=\"og:locale\" content=\"en_GB\" \/>\n<meta property=\"og:type\" content=\"article\" \/>\n<meta property=\"og:title\" content=\"G\u00e9pb\u00e9rl\u00e9s - Metalforming\" \/>\n<meta property=\"og:description\" content=\"Magasmin\u0151s\u00e9g\u0171 f\u00e9mipari megold\u00e1sokat k\u00edn\u00e1lunk, bele\u00e9rtve munkag\u00e9p szerel\u00e9kek fel\u00faj\u00edt\u00e1s\u00e1t, anyagmegmunk\u00e1l\u00e1st \u00e9s egyedi ker\u00edt\u00e9sgy\u00e1rt\u00e1st.\" \/>\n<meta property=\"og:url\" content=\"https:\/\/metalforming.hu\/en\/gepberles\/\" \/>\n<meta property=\"og:site_name\" content=\"Metalforming\" \/>\n<meta property=\"article:publisher\" content=\"https:\/\/www.facebook.com\/metalformingkft\" \/>\n<meta property=\"article:modified_time\" content=\"2026-01-28T09:29:25+00:00\" \/>\n<meta property=\"og:image\" content=\"https:\/\/metalforming.hu\/wp-content\/uploads\/2025\/02\/betonkevero-kanal-01.jpg\" \/>\n\t<meta property=\"og:image:width\" content=\"600\" \/>\n\t<meta property=\"og:image:height\" content=\"600\" \/>\n\t<meta property=\"og:image:type\" content=\"image\/jpeg\" \/>\n<meta name=\"twitter:card\" content=\"summary_large_image\" \/>\n<meta name=\"twitter:label1\" content=\"Estimated reading time\" \/>\n\t<meta name=\"twitter:data1\" content=\"1 minute\" \/>\n<script type=\"application\/ld+json\" class=\"yoast-schema-graph\">{\"@context\":\"https:\\\/\\\/schema.org\",\"@graph\":[{\"@type\":\"WebPage\",\"@id\":\"https:\\\/\\\/metalforming.hu\\\/gepberles\\\/\",\"url\":\"https:\\\/\\\/metalforming.hu\\\/gepberles\\\/\",\"name\":\"G\u00e9pb\u00e9rl\u00e9s - Metalforming\",\"isPartOf\":{\"@id\":\"https:\\\/\\\/metalforming.hu\\\/#website\"},\"primaryImageOfPage\":{\"@id\":\"https:\\\/\\\/metalforming.hu\\\/gepberles\\\/#primaryimage\"},\"image\":{\"@id\":\"https:\\\/\\\/metalforming.hu\\\/gepberles\\\/#primaryimage\"},\"thumbnailUrl\":\"https:\\\/\\\/metalforming.hu\\\/wp-content\\\/uploads\\\/2025\\\/02\\\/betonkevero-kanal-01.jpg\",\"datePublished\":\"2025-11-17T11:23:52+00:00\",\"dateModified\":\"2026-01-28T09:29:25+00:00\",\"description\":\"Magasmin\u0151s\u00e9g\u0171 f\u00e9mipari megold\u00e1sokat k\u00edn\u00e1lunk, bele\u00e9rtve munkag\u00e9p szerel\u00e9kek fel\u00faj\u00edt\u00e1s\u00e1t, anyagmegmunk\u00e1l\u00e1st \u00e9s egyedi ker\u00edt\u00e9sgy\u00e1rt\u00e1st.\",\"breadcrumb\":{\"@id\":\"https:\\\/\\\/metalforming.hu\\\/gepberles\\\/#breadcrumb\"},\"inLanguage\":\"en-GB\",\"potentialAction\":[{\"@type\":\"ReadAction\",\"target\":[\"https:\\\/\\\/metalforming.hu\\\/gepberles\\\/\"]}]},{\"@type\":\"ImageObject\",\"inLanguage\":\"en-GB\",\"@id\":\"https:\\\/\\\/metalforming.hu\\\/gepberles\\\/#primaryimage\",\"url\":\"https:\\\/\\\/metalforming.hu\\\/wp-content\\\/uploads\\\/2025\\\/02\\\/betonkevero-kanal-01.jpg\",\"contentUrl\":\"https:\\\/\\\/metalforming.hu\\\/wp-content\\\/uploads\\\/2025\\\/02\\\/betonkevero-kanal-01.jpg\"},{\"@type\":\"BreadcrumbList\",\"@id\":\"https:\\\/\\\/metalforming.hu\\\/gepberles\\\/#breadcrumb\",\"itemListElement\":[{\"@type\":\"ListItem\",\"position\":1,\"name\":\"Kezd\u0151lap\",\"item\":\"https:\\\/\\\/metalforming.hu\\\/\"},{\"@type\":\"ListItem\",\"position\":2,\"name\":\"G\u00e9pb\u00e9rl\u00e9s\"}]},{\"@type\":\"WebSite\",\"@id\":\"https:\\\/\\\/metalforming.hu\\\/#website\",\"url\":\"https:\\\/\\\/metalforming.hu\\\/\",\"name\":\"Metalforming\",\"description\":\"F\u00e9mmegmunk\u00e1ll\u00e1s fels\u0151fokon\",\"potentialAction\":[{\"@type\":\"SearchAction\",\"target\":{\"@type\":\"EntryPoint\",\"urlTemplate\":\"https:\\\/\\\/metalforming.hu\\\/?s={search_term_string}\"},\"query-input\":{\"@type\":\"PropertyValueSpecification\",\"valueRequired\":true,\"valueName\":\"search_term_string\"}}],\"inLanguage\":\"en-GB\"}]}<\/script>\n<!-- \/ Yoast SEO Premium plugin. -->","yoast_head_json":{"title":"G\u00e9pb\u00e9rl\u00e9s - Metalforming","description":"We offer high-quality metalworking solutions, including machine tool refurbishment, material processing and custom fence manufacturing.","robots":{"index":"index","follow":"follow","max-snippet":"max-snippet:-1","max-image-preview":"max-image-preview:large","max-video-preview":"max-video-preview:-1"},"canonical":"https:\/\/metalforming.hu\/en\/gepberles\/","og_locale":"en_GB","og_type":"article","og_title":"G\u00e9pb\u00e9rl\u00e9s - Metalforming","og_description":"Magasmin\u0151s\u00e9g\u0171 f\u00e9mipari megold\u00e1sokat k\u00edn\u00e1lunk, bele\u00e9rtve munkag\u00e9p szerel\u00e9kek fel\u00faj\u00edt\u00e1s\u00e1t, anyagmegmunk\u00e1l\u00e1st \u00e9s egyedi ker\u00edt\u00e9sgy\u00e1rt\u00e1st.","og_url":"https:\/\/metalforming.hu\/en\/gepberles\/","og_site_name":"Metalforming","article_publisher":"https:\/\/www.facebook.com\/metalformingkft","article_modified_time":"2026-01-28T09:29:25+00:00","og_image":[{"width":600,"height":600,"url":"https:\/\/metalforming.hu\/wp-content\/uploads\/2025\/02\/betonkevero-kanal-01.jpg","type":"image\/jpeg"}],"twitter_card":"summary_large_image","twitter_misc":{"Estimated reading time":"1 minute"},"schema":{"@context":"https:\/\/schema.org","@graph":[{"@type":"WebPage","@id":"https:\/\/metalforming.hu\/gepberles\/","url":"https:\/\/metalforming.hu\/gepberles\/","name":"G\u00e9pb\u00e9rl\u00e9s - Metalforming","isPartOf":{"@id":"https:\/\/metalforming.hu\/#website"},"primaryImageOfPage":{"@id":"https:\/\/metalforming.hu\/gepberles\/#primaryimage"},"image":{"@id":"https:\/\/metalforming.hu\/gepberles\/#primaryimage"},"thumbnailUrl":"https:\/\/metalforming.hu\/wp-content\/uploads\/2025\/02\/betonkevero-kanal-01.jpg","datePublished":"2025-11-17T11:23:52+00:00","dateModified":"2026-01-28T09:29:25+00:00","description":"We offer high-quality metalworking solutions, including machine tool refurbishment, material processing and custom fence manufacturing.","breadcrumb":{"@id":"https:\/\/metalforming.hu\/gepberles\/#breadcrumb"},"inLanguage":"en-GB","potentialAction":[{"@type":"ReadAction","target":["https:\/\/metalforming.hu\/gepberles\/"]}]},{"@type":"ImageObject","inLanguage":"en-GB","@id":"https:\/\/metalforming.hu\/gepberles\/#primaryimage","url":"https:\/\/metalforming.hu\/wp-content\/uploads\/2025\/02\/betonkevero-kanal-01.jpg","contentUrl":"https:\/\/metalforming.hu\/wp-content\/uploads\/2025\/02\/betonkevero-kanal-01.jpg"},{"@type":"BreadcrumbList","@id":"https:\/\/metalforming.hu\/gepberles\/#breadcrumb","itemListElement":[{"@type":"ListItem","position":1,"name":"Kezd\u0151lap","item":"https:\/\/metalforming.hu\/"},{"@type":"ListItem","position":2,"name":"G\u00e9pb\u00e9rl\u00e9s"}]},{"@type":"WebSite","@id":"https:\/\/metalforming.hu\/#website","url":"https:\/\/metalforming.hu\/","name":"Metal forming","description":"Metalworking at the higher level","potentialAction":[{"@type":"SearchAction","target":{"@type":"EntryPoint","urlTemplate":"https:\/\/metalforming.hu\/?s={search_term_string}"},"query-input":{"@type":"PropertyValueSpecification","valueRequired":true,"valueName":"search_term_string"}}],"inLanguage":"en-GB"}]}},"_links":{"self":[{"href":"https:\/\/metalforming.hu\/en\/wp-json\/wp\/v2\/pages\/676","targetHints":{"allow":["GET"]}}],"collection":[{"href":"https:\/\/metalforming.hu\/en\/wp-json\/wp\/v2\/pages"}],"about":[{"href":"https:\/\/metalforming.hu\/en\/wp-json\/wp\/v2\/types\/page"}],"author":[{"embeddable":true,"href":"https:\/\/metalforming.hu\/en\/wp-json\/wp\/v2\/users\/1"}],"replies":[{"embeddable":true,"href":"https:\/\/metalforming.hu\/en\/wp-json\/wp\/v2\/comments?post=676"}],"version-history":[{"count":5,"href":"https:\/\/metalforming.hu\/en\/wp-json\/wp\/v2\/pages\/676\/revisions"}],"predecessor-version":[{"id":733,"href":"https:\/\/metalforming.hu\/en\/wp-json\/wp\/v2\/pages\/676\/revisions\/733"}],"wp:attachment":[{"href":"https:\/\/metalforming.hu\/en\/wp-json\/wp\/v2\/media?parent=676"}],"curies":[{"name":"wp","href":"https:\/\/api.w.org\/{rel}","templated":true}]}}