{"id":294,"date":"2025-02-04T08:30:46","date_gmt":"2025-02-04T08:30:46","guid":{"rendered":"https:\/\/metalforming.hu\/?post_type=product&#038;p=294"},"modified":"2025-02-14T10:43:44","modified_gmt":"2025-02-14T10:43:44","slug":"hidraulikus-rezsu-kanal","status":"publish","type":"product","link":"https:\/\/metalforming.hu\/en\/product\/hidraulikus-rezsu-kanal\/","title":{"rendered":"Hydraulic slope bucket"},"content":{"rendered":"<div data-elementor-type=\"product-post\" data-elementor-id=\"294\" class=\"elementor elementor-294\" data-elementor-post-type=\"product\">\n\t\t\t\t<div class=\"elementor-element elementor-element-665ae8f e-flex e-con-boxed e-con e-parent\" data-id=\"665ae8f\" data-element_type=\"container\" data-e-type=\"container\">\n\t\t\t\t\t<div class=\"e-con-inner\">\n\t\t\t\t<div class=\"elementor-element elementor-element-915fc2f elementor-align-left elementor-widget elementor-widget-button\" data-id=\"915fc2f\" data-element_type=\"widget\" data-e-type=\"widget\" data-widget_type=\"button.default\">\n\t\t\t\t<div class=\"elementor-widget-container\">\n\t\t\t\t\t\t\t\t\t<div class=\"elementor-button-wrapper\">\n\t\t\t\t\t<a class=\"elementor-button elementor-button-link elementor-size-sm\" href=\"#elementor-action%3Aaction%3Dpopup%3Aopen%26settings%3DeyJpZCI6IjQyMyIsInRvZ2dsZSI6ZmFsc2V9\">\n\t\t\t\t\t\t<span class=\"elementor-button-content-wrapper\">\n\t\t\t\t\t\t\t\t\t<span class=\"elementor-button-text\">Request for quotation<\/span>\n\t\t\t\t\t<\/span>\n\t\t\t\t\t<\/a>\n\t\t\t\t<\/div>\n\t\t\t\t\t\t\t\t<\/div>\n\t\t\t\t<\/div>\n\t\t\t\t\t<\/div>\n\t\t\t\t<\/div>\n\t\t\t\t<\/div>","protected":false},"excerpt":{"rendered":"<p>Our tool developed for creating drainage ditches, channels and slopes.<br \/>\nCutting edge made of wear-resistant material (HB500 hardness).<\/p>\n<p>Our hydraulically tiltable slope buckets were designed with user-friendly design, quality and durability in mind. They are the perfect tool for creating channels, slopes, ditches and mirrors.<br \/>\nMain advantages:<br \/>\n-hardened, ground center pin with replaceable bushing<br \/>\n-high quality cylinder with pressure valve<br \/>\n-reinforced spoon body<br \/>\n-45-45\u00b0 tilt (other tilt angles available upon request)<\/p>\n<p>Our hydraulic slope buckets are manufactured to order to best suit the user:<br \/>\n*also available with double-edged screw-on wear edge<br \/>\n*Drainage holes in the side and outer panels<br \/>\n*smoothing edge may be placed on the back of the spoon<br \/>\n*can be ordered with a mount for any machine type<\/p>","protected":false},"featured_media":295,"comment_status":"open","ping_status":"closed","template":"","meta":[],"product_brand":[],"product_cat":[22],"product_tag":[],"class_list":{"0":"post-294","1":"product","2":"type-product","3":"status-publish","4":"has-post-thumbnail","6":"product_cat-egyeb","8":"first","9":"instock","10":"shipping-taxable","11":"product-type-simple"},"yoast_head":"<!-- This site is optimized with the Yoast SEO Premium plugin v27.3 (Yoast SEO v27.3) - https:\/\/yoast.com\/product\/yoast-seo-premium-wordpress\/ -->\n<title>Hidraulikus r\u00e9zs\u0171 kan\u00e1l - Metalforming<\/title>\n<meta name=\"robots\" content=\"index, follow, max-snippet:-1, max-image-preview:large, max-video-preview:-1\" \/>\n<link rel=\"canonical\" href=\"https:\/\/metalforming.hu\/en\/product\/hidraulikus-rezsu-kanal\/\" \/>\n<meta property=\"og:locale\" content=\"en_GB\" \/>\n<meta property=\"og:type\" content=\"article\" \/>\n<meta property=\"og:title\" content=\"Hidraulikus r\u00e9zs\u0171 kan\u00e1l\" \/>\n<meta property=\"og:description\" content=\"V\u00edzelvezet\u0151 \u00e1rkok, csatorn\u00e1k, r\u00e9zs\u0171k kialak\u00edt\u00e1s\u00e1ra fejlesztett eszk\u00f6z\u00fcnk. Kop\u00e1s\u00e1ll\u00f3 anyagb\u00f3l k\u00e9sz\u00fclt v\u00e1g\u00f3\u00e9l (HB500 kem\u00e9ny\u00e9g\u0171).  Hidraulikusan d\u00f6nthet\u0151 r\u00e9zs\u0171 kanalaink tervez\u00e9sekor a felhaszn\u00e1l\u00f3bar\u00e1t kialak\u00edt\u00e1s, a min\u0151s\u00e9g \u00e9s tart\u00f3ss\u00e1g volt a f\u0151 szempont. T\u00f6k\u00e9letes eszk\u00f6z csatorn\u00e1k, r\u00e9zs\u0171k, \u00e1rkok, t\u00fckr\u00f6k kialak\u00edt\u00e1s\u00e1ra. F\u0151bb el\u0151ny\u00f6k: -edzett, k\u00f6sz\u00f6r\u00fclt k\u00f6z\u00e9ps\u0151 csapszeg, cser\u00e9lhet\u0151 persellyel -j\u00f3 min\u0151s\u00e9g\u0171 munkahenger, nyom\u00e1start\u00f3 szeleppel -er\u0151s\u00edtett kan\u00e1ltest -45-45\u00b0-os d\u0151l\u00e9s (ig\u00e9ny eset\u00e9n m\u00e1s d\u0151l\u00e9ssz\u00f6g)  A hidraulikus r\u00e9zs\u0171 kanalainkat ig\u00e9ny szerint gy\u00e1rtjuk, hogy a legmegfelel\u0151bb legyen a felhaszn\u00e1l\u00f3 sz\u00e1m\u00e1ra: *ig\u00e9nyelhet\u0151 k\u00e9t\u00e9l\u0171 csavarozhat\u00f3 kop\u00f3\u00e9llel is *v\u00edzelvezet\u0151 furatok kialak\u00edt\u00e1sa az oldal \u00e9s pal\u00e1stlemezen *a kan\u00e1l h\u00e1tulj\u00e1ra ker\u00fclhet sim\u00edt\u00f3 \u00e9l *rendelhet\u0151 b\u00e1rmilyen g\u00e9pt\u00edpushoz tartoz\u00f3 felfogat\u00e1ssal\" \/>\n<meta property=\"og:url\" content=\"https:\/\/metalforming.hu\/en\/product\/hidraulikus-rezsu-kanal\/\" \/>\n<meta property=\"og:site_name\" content=\"Metalforming\" \/>\n<meta property=\"article:publisher\" content=\"https:\/\/www.facebook.com\/metalformingkft\" \/>\n<meta property=\"article:modified_time\" content=\"2025-02-14T10:43:44+00:00\" \/>\n<meta property=\"og:image\" content=\"https:\/\/metalforming.hu\/wp-content\/uploads\/2025\/02\/hidraulikus-rezsu-kanal-01.jpg\" \/>\n\t<meta property=\"og:image:width\" content=\"600\" \/>\n\t<meta property=\"og:image:height\" content=\"600\" \/>\n\t<meta property=\"og:image:type\" content=\"image\/jpeg\" \/>\n<meta name=\"twitter:card\" content=\"summary_large_image\" \/>\n<script type=\"application\/ld+json\" class=\"yoast-schema-graph\">{\"@context\":\"https:\\\/\\\/schema.org\",\"@graph\":[{\"@type\":\"WebPage\",\"@id\":\"https:\\\/\\\/metalforming.hu\\\/termek\\\/hidraulikus-rezsu-kanal\\\/\",\"url\":\"https:\\\/\\\/metalforming.hu\\\/termek\\\/hidraulikus-rezsu-kanal\\\/\",\"name\":\"Hidraulikus r\u00e9zs\u0171 kan\u00e1l - Metalforming\",\"isPartOf\":{\"@id\":\"https:\\\/\\\/metalforming.hu\\\/#website\"},\"primaryImageOfPage\":{\"@id\":\"https:\\\/\\\/metalforming.hu\\\/termek\\\/hidraulikus-rezsu-kanal\\\/#primaryimage\"},\"image\":{\"@id\":\"https:\\\/\\\/metalforming.hu\\\/termek\\\/hidraulikus-rezsu-kanal\\\/#primaryimage\"},\"thumbnailUrl\":\"https:\\\/\\\/metalforming.hu\\\/wp-content\\\/uploads\\\/2025\\\/02\\\/hidraulikus-rezsu-kanal-01.jpg\",\"datePublished\":\"2025-02-04T08:30:46+00:00\",\"dateModified\":\"2025-02-14T10:43:44+00:00\",\"breadcrumb\":{\"@id\":\"https:\\\/\\\/metalforming.hu\\\/termek\\\/hidraulikus-rezsu-kanal\\\/#breadcrumb\"},\"inLanguage\":\"en-GB\",\"potentialAction\":[{\"@type\":\"ReadAction\",\"target\":[\"https:\\\/\\\/metalforming.hu\\\/termek\\\/hidraulikus-rezsu-kanal\\\/\"]}]},{\"@type\":\"ImageObject\",\"inLanguage\":\"en-GB\",\"@id\":\"https:\\\/\\\/metalforming.hu\\\/termek\\\/hidraulikus-rezsu-kanal\\\/#primaryimage\",\"url\":\"https:\\\/\\\/metalforming.hu\\\/wp-content\\\/uploads\\\/2025\\\/02\\\/hidraulikus-rezsu-kanal-01.jpg\",\"contentUrl\":\"https:\\\/\\\/metalforming.hu\\\/wp-content\\\/uploads\\\/2025\\\/02\\\/hidraulikus-rezsu-kanal-01.jpg\",\"width\":600,\"height\":600},{\"@type\":\"BreadcrumbList\",\"@id\":\"https:\\\/\\\/metalforming.hu\\\/termek\\\/hidraulikus-rezsu-kanal\\\/#breadcrumb\",\"itemListElement\":[{\"@type\":\"ListItem\",\"position\":1,\"name\":\"Kezd\u0151lap\",\"item\":\"https:\\\/\\\/metalforming.hu\\\/\"},{\"@type\":\"ListItem\",\"position\":2,\"name\":\"Shop\",\"item\":\"https:\\\/\\\/metalforming.hu\\\/uzlet\\\/\"},{\"@type\":\"ListItem\",\"position\":3,\"name\":\"Hidraulikus r\u00e9zs\u0171 kan\u00e1l\"}]},{\"@type\":\"WebSite\",\"@id\":\"https:\\\/\\\/metalforming.hu\\\/#website\",\"url\":\"https:\\\/\\\/metalforming.hu\\\/\",\"name\":\"Metalforming\",\"description\":\"F\u00e9mmegmunk\u00e1ll\u00e1s fels\u0151fokon\",\"potentialAction\":[{\"@type\":\"SearchAction\",\"target\":{\"@type\":\"EntryPoint\",\"urlTemplate\":\"https:\\\/\\\/metalforming.hu\\\/?s={search_term_string}\"},\"query-input\":{\"@type\":\"PropertyValueSpecification\",\"valueRequired\":true,\"valueName\":\"search_term_string\"}}],\"inLanguage\":\"en-GB\"}]}<\/script>\n<!-- \/ Yoast SEO Premium plugin. -->","yoast_head_json":{"title":"Hidraulikus r\u00e9zs\u0171 kan\u00e1l - Metalforming","robots":{"index":"index","follow":"follow","max-snippet":"max-snippet:-1","max-image-preview":"max-image-preview:large","max-video-preview":"max-video-preview:-1"},"canonical":"https:\/\/metalforming.hu\/en\/product\/hidraulikus-rezsu-kanal\/","og_locale":"en_GB","og_type":"article","og_title":"Hidraulikus r\u00e9zs\u0171 kan\u00e1l","og_description":"V\u00edzelvezet\u0151 \u00e1rkok, csatorn\u00e1k, r\u00e9zs\u0171k kialak\u00edt\u00e1s\u00e1ra fejlesztett eszk\u00f6z\u00fcnk. Kop\u00e1s\u00e1ll\u00f3 anyagb\u00f3l k\u00e9sz\u00fclt v\u00e1g\u00f3\u00e9l (HB500 kem\u00e9ny\u00e9g\u0171).  Hidraulikusan d\u00f6nthet\u0151 r\u00e9zs\u0171 kanalaink tervez\u00e9sekor a felhaszn\u00e1l\u00f3bar\u00e1t kialak\u00edt\u00e1s, a min\u0151s\u00e9g \u00e9s tart\u00f3ss\u00e1g volt a f\u0151 szempont. T\u00f6k\u00e9letes eszk\u00f6z csatorn\u00e1k, r\u00e9zs\u0171k, \u00e1rkok, t\u00fckr\u00f6k kialak\u00edt\u00e1s\u00e1ra. F\u0151bb el\u0151ny\u00f6k: -edzett, k\u00f6sz\u00f6r\u00fclt k\u00f6z\u00e9ps\u0151 csapszeg, cser\u00e9lhet\u0151 persellyel -j\u00f3 min\u0151s\u00e9g\u0171 munkahenger, nyom\u00e1start\u00f3 szeleppel -er\u0151s\u00edtett kan\u00e1ltest -45-45\u00b0-os d\u0151l\u00e9s (ig\u00e9ny eset\u00e9n m\u00e1s d\u0151l\u00e9ssz\u00f6g)  A hidraulikus r\u00e9zs\u0171 kanalainkat ig\u00e9ny szerint gy\u00e1rtjuk, hogy a legmegfelel\u0151bb legyen a felhaszn\u00e1l\u00f3 sz\u00e1m\u00e1ra: *ig\u00e9nyelhet\u0151 k\u00e9t\u00e9l\u0171 csavarozhat\u00f3 kop\u00f3\u00e9llel is *v\u00edzelvezet\u0151 furatok kialak\u00edt\u00e1sa az oldal \u00e9s pal\u00e1stlemezen *a kan\u00e1l h\u00e1tulj\u00e1ra ker\u00fclhet sim\u00edt\u00f3 \u00e9l *rendelhet\u0151 b\u00e1rmilyen g\u00e9pt\u00edpushoz tartoz\u00f3 felfogat\u00e1ssal","og_url":"https:\/\/metalforming.hu\/en\/product\/hidraulikus-rezsu-kanal\/","og_site_name":"Metalforming","article_publisher":"https:\/\/www.facebook.com\/metalformingkft","article_modified_time":"2025-02-14T10:43:44+00:00","og_image":[{"width":600,"height":600,"url":"https:\/\/metalforming.hu\/wp-content\/uploads\/2025\/02\/hidraulikus-rezsu-kanal-01.jpg","type":"image\/jpeg"}],"twitter_card":"summary_large_image","schema":{"@context":"https:\/\/schema.org","@graph":[{"@type":"WebPage","@id":"https:\/\/metalforming.hu\/termek\/hidraulikus-rezsu-kanal\/","url":"https:\/\/metalforming.hu\/termek\/hidraulikus-rezsu-kanal\/","name":"Hidraulikus r\u00e9zs\u0171 kan\u00e1l - Metalforming","isPartOf":{"@id":"https:\/\/metalforming.hu\/#website"},"primaryImageOfPage":{"@id":"https:\/\/metalforming.hu\/termek\/hidraulikus-rezsu-kanal\/#primaryimage"},"image":{"@id":"https:\/\/metalforming.hu\/termek\/hidraulikus-rezsu-kanal\/#primaryimage"},"thumbnailUrl":"https:\/\/metalforming.hu\/wp-content\/uploads\/2025\/02\/hidraulikus-rezsu-kanal-01.jpg","datePublished":"2025-02-04T08:30:46+00:00","dateModified":"2025-02-14T10:43:44+00:00","breadcrumb":{"@id":"https:\/\/metalforming.hu\/termek\/hidraulikus-rezsu-kanal\/#breadcrumb"},"inLanguage":"en-GB","potentialAction":[{"@type":"ReadAction","target":["https:\/\/metalforming.hu\/termek\/hidraulikus-rezsu-kanal\/"]}]},{"@type":"ImageObject","inLanguage":"en-GB","@id":"https:\/\/metalforming.hu\/termek\/hidraulikus-rezsu-kanal\/#primaryimage","url":"https:\/\/metalforming.hu\/wp-content\/uploads\/2025\/02\/hidraulikus-rezsu-kanal-01.jpg","contentUrl":"https:\/\/metalforming.hu\/wp-content\/uploads\/2025\/02\/hidraulikus-rezsu-kanal-01.jpg","width":600,"height":600},{"@type":"BreadcrumbList","@id":"https:\/\/metalforming.hu\/termek\/hidraulikus-rezsu-kanal\/#breadcrumb","itemListElement":[{"@type":"ListItem","position":1,"name":"Kezd\u0151lap","item":"https:\/\/metalforming.hu\/"},{"@type":"ListItem","position":2,"name":"Shop","item":"https:\/\/metalforming.hu\/uzlet\/"},{"@type":"ListItem","position":3,"name":"Hidraulikus r\u00e9zs\u0171 kan\u00e1l"}]},{"@type":"WebSite","@id":"https:\/\/metalforming.hu\/#website","url":"https:\/\/metalforming.hu\/","name":"Metal forming","description":"Metalworking at the higher level","potentialAction":[{"@type":"SearchAction","target":{"@type":"EntryPoint","urlTemplate":"https:\/\/metalforming.hu\/?s={search_term_string}"},"query-input":{"@type":"PropertyValueSpecification","valueRequired":true,"valueName":"search_term_string"}}],"inLanguage":"en-GB"}]}},"_links":{"self":[{"href":"https:\/\/metalforming.hu\/en\/wp-json\/wp\/v2\/product\/294","targetHints":{"allow":["GET"]}}],"collection":[{"href":"https:\/\/metalforming.hu\/en\/wp-json\/wp\/v2\/product"}],"about":[{"href":"https:\/\/metalforming.hu\/en\/wp-json\/wp\/v2\/types\/product"}],"replies":[{"embeddable":true,"href":"https:\/\/metalforming.hu\/en\/wp-json\/wp\/v2\/comments?post=294"}],"version-history":[{"count":0,"href":"https:\/\/metalforming.hu\/en\/wp-json\/wp\/v2\/product\/294\/revisions"}],"wp:featuredmedia":[{"embeddable":true,"href":"https:\/\/metalforming.hu\/en\/wp-json\/wp\/v2\/media\/295"}],"wp:attachment":[{"href":"https:\/\/metalforming.hu\/en\/wp-json\/wp\/v2\/media?parent=294"}],"wp:term":[{"taxonomy":"product_brand","embeddable":true,"href":"https:\/\/metalforming.hu\/en\/wp-json\/wp\/v2\/product_brand?post=294"},{"taxonomy":"product_cat","embeddable":true,"href":"https:\/\/metalforming.hu\/en\/wp-json\/wp\/v2\/product_cat?post=294"},{"taxonomy":"product_tag","embeddable":true,"href":"https:\/\/metalforming.hu\/en\/wp-json\/wp\/v2\/product_tag?post=294"}],"curies":[{"name":"wp","href":"https:\/\/api.w.org\/{rel}","templated":true}]}}