{"id":299,"date":"2025-02-04T08:32:55","date_gmt":"2025-02-04T08:32:55","guid":{"rendered":"https:\/\/metalforming.hu\/?post_type=product&#038;p=299"},"modified":"2025-02-14T10:43:58","modified_gmt":"2025-02-14T10:43:58","slug":"hosszitott-termeny-tololap","status":"publish","type":"product","link":"https:\/\/metalforming.hu\/en\/product\/hosszitott-termeny-tololap\/","title":{"rendered":"Extended crop pusher"},"content":{"rendered":"<div data-elementor-type=\"product-post\" data-elementor-id=\"299\" class=\"elementor elementor-299\" data-elementor-post-type=\"product\">\n\t\t\t\t<div class=\"elementor-element elementor-element-aff3269 e-flex e-con-boxed e-con e-parent\" data-id=\"aff3269\" data-element_type=\"container\" data-e-type=\"container\">\n\t\t\t\t\t<div class=\"e-con-inner\">\n\t\t\t\t<div class=\"elementor-element elementor-element-ef7ae62 elementor-align-left elementor-widget elementor-widget-button\" data-id=\"ef7ae62\" data-element_type=\"widget\" data-e-type=\"widget\" data-widget_type=\"button.default\">\n\t\t\t\t<div class=\"elementor-widget-container\">\n\t\t\t\t\t\t\t\t\t<div class=\"elementor-button-wrapper\">\n\t\t\t\t\t<a class=\"elementor-button elementor-button-link elementor-size-sm\" href=\"#elementor-action%3Aaction%3Dpopup%3Aopen%26settings%3DeyJpZCI6IjQ3NiIsInRvZ2dsZSI6ZmFsc2V9\">\n\t\t\t\t\t\t<span class=\"elementor-button-content-wrapper\">\n\t\t\t\t\t\t\t\t\t<span class=\"elementor-button-text\">Request for quotation<\/span>\n\t\t\t\t\t<\/span>\n\t\t\t\t\t<\/a>\n\t\t\t\t<\/div>\n\t\t\t\t\t\t\t\t<\/div>\n\t\t\t\t<\/div>\n\t\t\t\t\t<\/div>\n\t\t\t\t<\/div>\n\t\t\t\t<\/div>","protected":false},"excerpt":{"rendered":"<p>An elongated grain pusher used in agriculture, which helps stack and sort crops in grain bins.<br \/>\nThanks to the lower replaceable rubber edge, the bottom of the dozer blade remains undamaged and leaves no residue when used on flat concrete.<br \/>\nEquipped with side baffles.<br \/>\nWith a connection adapted to your machine, even in a custom size.<\/p>","protected":false},"featured_media":302,"comment_status":"open","ping_status":"closed","template":"","meta":[],"product_brand":[],"product_cat":[22],"product_tag":[],"class_list":{"0":"post-299","1":"product","2":"type-product","3":"status-publish","4":"has-post-thumbnail","6":"product_cat-egyeb","8":"first","9":"instock","10":"shipping-taxable","11":"product-type-simple"},"yoast_head":"<!-- This site is optimized with the Yoast SEO Premium plugin v27.3 (Yoast SEO v27.3) - https:\/\/yoast.com\/product\/yoast-seo-premium-wordpress\/ -->\n<title>Hosszabb\u00edtott term\u00e9ny tol\u00f3lap - Metalforming<\/title>\n<meta name=\"robots\" content=\"index, follow, max-snippet:-1, max-image-preview:large, max-video-preview:-1\" \/>\n<link rel=\"canonical\" href=\"https:\/\/metalforming.hu\/en\/product\/hosszitott-termeny-tololap\/\" \/>\n<meta property=\"og:locale\" content=\"en_GB\" \/>\n<meta property=\"og:type\" content=\"article\" \/>\n<meta property=\"og:title\" content=\"Hosszabb\u00edtott term\u00e9ny tol\u00f3lap\" \/>\n<meta property=\"og:description\" content=\"Mez\u0151gazdas\u00e1gban haszn\u00e1latos hossz\u00edtott gabonatol\u00f3lap, mely seg\u00edt a magt\u00e1rol\u00f3kban a term\u00e9ny halmoz\u00e1s\u00e1ban, rendez\u00e9s\u00e9ben. Az als\u00f3 cser\u00e9lhet\u0151 gumi\u00e9lnek k\u00f6sz\u00f6nhet\u0151en a tol\u00f3lap alja s\u00e9rtetlen marad, illetve s\u00edk betonon haszn\u00e1lva nem hagy h\u00e1tra term\u00e9nyt. Oldals\u00f3 terel\u0151lapokkal ell\u00e1tva. Az \u00d6n munkag\u00e9p\u00e9hez igaz\u00edtott csatlakoz\u00e1ssal, ak\u00e1r egyedileg k\u00e9rt m\u00e9retben is.\" \/>\n<meta property=\"og:url\" content=\"https:\/\/metalforming.hu\/en\/product\/hosszitott-termeny-tololap\/\" \/>\n<meta property=\"og:site_name\" content=\"Metalforming\" \/>\n<meta property=\"article:publisher\" content=\"https:\/\/www.facebook.com\/metalformingkft\" \/>\n<meta property=\"article:modified_time\" content=\"2025-02-14T10:43:58+00:00\" \/>\n<meta property=\"og:image\" content=\"https:\/\/metalforming.hu\/wp-content\/uploads\/2025\/02\/hosszitott-termeny-tololap-03.jpg\" \/>\n\t<meta property=\"og:image:width\" content=\"600\" \/>\n\t<meta property=\"og:image:height\" content=\"600\" \/>\n\t<meta property=\"og:image:type\" content=\"image\/jpeg\" \/>\n<meta name=\"twitter:card\" content=\"summary_large_image\" \/>\n<script type=\"application\/ld+json\" class=\"yoast-schema-graph\">{\"@context\":\"https:\\\/\\\/schema.org\",\"@graph\":[{\"@type\":\"WebPage\",\"@id\":\"https:\\\/\\\/metalforming.hu\\\/termek\\\/hosszitott-termeny-tololap\\\/\",\"url\":\"https:\\\/\\\/metalforming.hu\\\/termek\\\/hosszitott-termeny-tololap\\\/\",\"name\":\"Hosszabb\u00edtott term\u00e9ny tol\u00f3lap - Metalforming\",\"isPartOf\":{\"@id\":\"https:\\\/\\\/metalforming.hu\\\/#website\"},\"primaryImageOfPage\":{\"@id\":\"https:\\\/\\\/metalforming.hu\\\/termek\\\/hosszitott-termeny-tololap\\\/#primaryimage\"},\"image\":{\"@id\":\"https:\\\/\\\/metalforming.hu\\\/termek\\\/hosszitott-termeny-tololap\\\/#primaryimage\"},\"thumbnailUrl\":\"https:\\\/\\\/metalforming.hu\\\/wp-content\\\/uploads\\\/2025\\\/02\\\/hosszitott-termeny-tololap-03.jpg\",\"datePublished\":\"2025-02-04T08:32:55+00:00\",\"dateModified\":\"2025-02-14T10:43:58+00:00\",\"breadcrumb\":{\"@id\":\"https:\\\/\\\/metalforming.hu\\\/termek\\\/hosszitott-termeny-tololap\\\/#breadcrumb\"},\"inLanguage\":\"en-GB\",\"potentialAction\":[{\"@type\":\"ReadAction\",\"target\":[\"https:\\\/\\\/metalforming.hu\\\/termek\\\/hosszitott-termeny-tololap\\\/\"]}]},{\"@type\":\"ImageObject\",\"inLanguage\":\"en-GB\",\"@id\":\"https:\\\/\\\/metalforming.hu\\\/termek\\\/hosszitott-termeny-tololap\\\/#primaryimage\",\"url\":\"https:\\\/\\\/metalforming.hu\\\/wp-content\\\/uploads\\\/2025\\\/02\\\/hosszitott-termeny-tololap-03.jpg\",\"contentUrl\":\"https:\\\/\\\/metalforming.hu\\\/wp-content\\\/uploads\\\/2025\\\/02\\\/hosszitott-termeny-tololap-03.jpg\",\"width\":600,\"height\":600},{\"@type\":\"BreadcrumbList\",\"@id\":\"https:\\\/\\\/metalforming.hu\\\/termek\\\/hosszitott-termeny-tololap\\\/#breadcrumb\",\"itemListElement\":[{\"@type\":\"ListItem\",\"position\":1,\"name\":\"Kezd\u0151lap\",\"item\":\"https:\\\/\\\/metalforming.hu\\\/\"},{\"@type\":\"ListItem\",\"position\":2,\"name\":\"Shop\",\"item\":\"https:\\\/\\\/metalforming.hu\\\/uzlet\\\/\"},{\"@type\":\"ListItem\",\"position\":3,\"name\":\"Hosszabb\u00edtott term\u00e9ny tol\u00f3lap\"}]},{\"@type\":\"WebSite\",\"@id\":\"https:\\\/\\\/metalforming.hu\\\/#website\",\"url\":\"https:\\\/\\\/metalforming.hu\\\/\",\"name\":\"Metalforming\",\"description\":\"F\u00e9mmegmunk\u00e1ll\u00e1s fels\u0151fokon\",\"potentialAction\":[{\"@type\":\"SearchAction\",\"target\":{\"@type\":\"EntryPoint\",\"urlTemplate\":\"https:\\\/\\\/metalforming.hu\\\/?s={search_term_string}\"},\"query-input\":{\"@type\":\"PropertyValueSpecification\",\"valueRequired\":true,\"valueName\":\"search_term_string\"}}],\"inLanguage\":\"en-GB\"}]}<\/script>\n<!-- \/ Yoast SEO Premium plugin. -->","yoast_head_json":{"title":"Hosszabb\u00edtott term\u00e9ny tol\u00f3lap - Metalforming","robots":{"index":"index","follow":"follow","max-snippet":"max-snippet:-1","max-image-preview":"max-image-preview:large","max-video-preview":"max-video-preview:-1"},"canonical":"https:\/\/metalforming.hu\/en\/product\/hosszitott-termeny-tololap\/","og_locale":"en_GB","og_type":"article","og_title":"Hosszabb\u00edtott term\u00e9ny tol\u00f3lap","og_description":"Mez\u0151gazdas\u00e1gban haszn\u00e1latos hossz\u00edtott gabonatol\u00f3lap, mely seg\u00edt a magt\u00e1rol\u00f3kban a term\u00e9ny halmoz\u00e1s\u00e1ban, rendez\u00e9s\u00e9ben. Az als\u00f3 cser\u00e9lhet\u0151 gumi\u00e9lnek k\u00f6sz\u00f6nhet\u0151en a tol\u00f3lap alja s\u00e9rtetlen marad, illetve s\u00edk betonon haszn\u00e1lva nem hagy h\u00e1tra term\u00e9nyt. Oldals\u00f3 terel\u0151lapokkal ell\u00e1tva. Az \u00d6n munkag\u00e9p\u00e9hez igaz\u00edtott csatlakoz\u00e1ssal, ak\u00e1r egyedileg k\u00e9rt m\u00e9retben is.","og_url":"https:\/\/metalforming.hu\/en\/product\/hosszitott-termeny-tololap\/","og_site_name":"Metalforming","article_publisher":"https:\/\/www.facebook.com\/metalformingkft","article_modified_time":"2025-02-14T10:43:58+00:00","og_image":[{"width":600,"height":600,"url":"https:\/\/metalforming.hu\/wp-content\/uploads\/2025\/02\/hosszitott-termeny-tololap-03.jpg","type":"image\/jpeg"}],"twitter_card":"summary_large_image","schema":{"@context":"https:\/\/schema.org","@graph":[{"@type":"WebPage","@id":"https:\/\/metalforming.hu\/termek\/hosszitott-termeny-tololap\/","url":"https:\/\/metalforming.hu\/termek\/hosszitott-termeny-tololap\/","name":"Hosszabb\u00edtott term\u00e9ny tol\u00f3lap - Metalforming","isPartOf":{"@id":"https:\/\/metalforming.hu\/#website"},"primaryImageOfPage":{"@id":"https:\/\/metalforming.hu\/termek\/hosszitott-termeny-tololap\/#primaryimage"},"image":{"@id":"https:\/\/metalforming.hu\/termek\/hosszitott-termeny-tololap\/#primaryimage"},"thumbnailUrl":"https:\/\/metalforming.hu\/wp-content\/uploads\/2025\/02\/hosszitott-termeny-tololap-03.jpg","datePublished":"2025-02-04T08:32:55+00:00","dateModified":"2025-02-14T10:43:58+00:00","breadcrumb":{"@id":"https:\/\/metalforming.hu\/termek\/hosszitott-termeny-tololap\/#breadcrumb"},"inLanguage":"en-GB","potentialAction":[{"@type":"ReadAction","target":["https:\/\/metalforming.hu\/termek\/hosszitott-termeny-tololap\/"]}]},{"@type":"ImageObject","inLanguage":"en-GB","@id":"https:\/\/metalforming.hu\/termek\/hosszitott-termeny-tololap\/#primaryimage","url":"https:\/\/metalforming.hu\/wp-content\/uploads\/2025\/02\/hosszitott-termeny-tololap-03.jpg","contentUrl":"https:\/\/metalforming.hu\/wp-content\/uploads\/2025\/02\/hosszitott-termeny-tololap-03.jpg","width":600,"height":600},{"@type":"BreadcrumbList","@id":"https:\/\/metalforming.hu\/termek\/hosszitott-termeny-tololap\/#breadcrumb","itemListElement":[{"@type":"ListItem","position":1,"name":"Kezd\u0151lap","item":"https:\/\/metalforming.hu\/"},{"@type":"ListItem","position":2,"name":"Shop","item":"https:\/\/metalforming.hu\/uzlet\/"},{"@type":"ListItem","position":3,"name":"Hosszabb\u00edtott term\u00e9ny tol\u00f3lap"}]},{"@type":"WebSite","@id":"https:\/\/metalforming.hu\/#website","url":"https:\/\/metalforming.hu\/","name":"Metal forming","description":"Metalworking at the higher level","potentialAction":[{"@type":"SearchAction","target":{"@type":"EntryPoint","urlTemplate":"https:\/\/metalforming.hu\/?s={search_term_string}"},"query-input":{"@type":"PropertyValueSpecification","valueRequired":true,"valueName":"search_term_string"}}],"inLanguage":"en-GB"}]}},"_links":{"self":[{"href":"https:\/\/metalforming.hu\/en\/wp-json\/wp\/v2\/product\/299","targetHints":{"allow":["GET"]}}],"collection":[{"href":"https:\/\/metalforming.hu\/en\/wp-json\/wp\/v2\/product"}],"about":[{"href":"https:\/\/metalforming.hu\/en\/wp-json\/wp\/v2\/types\/product"}],"replies":[{"embeddable":true,"href":"https:\/\/metalforming.hu\/en\/wp-json\/wp\/v2\/comments?post=299"}],"version-history":[{"count":0,"href":"https:\/\/metalforming.hu\/en\/wp-json\/wp\/v2\/product\/299\/revisions"}],"wp:featuredmedia":[{"embeddable":true,"href":"https:\/\/metalforming.hu\/en\/wp-json\/wp\/v2\/media\/302"}],"wp:attachment":[{"href":"https:\/\/metalforming.hu\/en\/wp-json\/wp\/v2\/media?parent=299"}],"wp:term":[{"taxonomy":"product_brand","embeddable":true,"href":"https:\/\/metalforming.hu\/en\/wp-json\/wp\/v2\/product_brand?post=299"},{"taxonomy":"product_cat","embeddable":true,"href":"https:\/\/metalforming.hu\/en\/wp-json\/wp\/v2\/product_cat?post=299"},{"taxonomy":"product_tag","embeddable":true,"href":"https:\/\/metalforming.hu\/en\/wp-json\/wp\/v2\/product_tag?post=299"}],"curies":[{"name":"wp","href":"https:\/\/api.w.org\/{rel}","templated":true}]}}