{"id":304,"date":"2025-02-04T08:36:39","date_gmt":"2025-02-04T08:36:39","guid":{"rendered":"https:\/\/metalforming.hu\/?post_type=product&#038;p=304"},"modified":"2025-02-14T10:38:02","modified_gmt":"2025-02-14T10:38:02","slug":"konnyuanyag-kanal","status":"publish","type":"product","link":"https:\/\/metalforming.hu\/en\/product\/konnyuanyag-kanal\/","title":{"rendered":"Lightweight spoon"},"content":{"rendered":"<div data-elementor-type=\"product-post\" data-elementor-id=\"304\" class=\"elementor elementor-304\" data-elementor-post-type=\"product\">\n\t\t\t\t<div class=\"elementor-element elementor-element-ca3429f e-flex e-con-boxed e-con e-parent\" data-id=\"ca3429f\" data-element_type=\"container\" data-e-type=\"container\">\n\t\t\t\t\t<div class=\"e-con-inner\">\n\t\t\t\t<div class=\"elementor-element elementor-element-d0d4380 elementor-align-left elementor-widget elementor-widget-button\" data-id=\"d0d4380\" data-element_type=\"widget\" data-e-type=\"widget\" data-widget_type=\"button.default\">\n\t\t\t\t<div class=\"elementor-widget-container\">\n\t\t\t\t\t\t\t\t\t<div class=\"elementor-button-wrapper\">\n\t\t\t\t\t<a class=\"elementor-button elementor-button-link elementor-size-sm\" href=\"#elementor-action%3Aaction%3Dpopup%3Aopen%26settings%3DeyJpZCI6IjQ3MiIsInRvZ2dsZSI6ZmFsc2V9\">\n\t\t\t\t\t\t<span class=\"elementor-button-content-wrapper\">\n\t\t\t\t\t\t\t\t\t<span class=\"elementor-button-text\">Request for quotation<\/span>\n\t\t\t\t\t<\/span>\n\t\t\t\t\t<\/a>\n\t\t\t\t<\/div>\n\t\t\t\t\t\t\t\t<\/div>\n\t\t\t\t<\/div>\n\t\t\t\t\t<\/div>\n\t\t\t\t<\/div>\n\t\t\t\t<\/div>","protected":false},"excerpt":{"rendered":"<p>Our lightweight buckets are recommended for loading grain, wood chips and other low-density bulk goods.<br \/>\n* HB 500 hardness cutting edge<br \/>\n* equipped with a screw-on, double-edged cutting edge<br \/>\n* reinforced bucket body, with 2 stiffeners inside the bucket<br \/>\n* corner stiffener between the shell and the side plate<br \/>\n* made of high quality steel<br \/>\n* mounting available for any machine type<\/p>\n<p>We manufacture lightweight buckets in a wide range of sizes for telescopic boom loaders, front-end loaders, skid steer loaders and combination loaders.<\/p>","protected":false},"featured_media":305,"comment_status":"open","ping_status":"closed","template":"","meta":[],"product_brand":[],"product_cat":[22],"product_tag":[],"class_list":{"0":"post-304","1":"product","2":"type-product","3":"status-publish","4":"has-post-thumbnail","6":"product_cat-egyeb","8":"first","9":"instock","10":"shipping-taxable","11":"product-type-simple"},"yoast_head":"<!-- This site is optimized with the Yoast SEO Premium plugin v27.3 (Yoast SEO v27.3) - https:\/\/yoast.com\/product\/yoast-seo-premium-wordpress\/ -->\n<title>K\u00f6nny\u0171anyag kan\u00e1l - Metalforming<\/title>\n<meta name=\"robots\" content=\"index, follow, max-snippet:-1, max-image-preview:large, max-video-preview:-1\" \/>\n<link rel=\"canonical\" href=\"https:\/\/metalforming.hu\/en\/product\/konnyuanyag-kanal\/\" \/>\n<meta property=\"og:locale\" content=\"en_GB\" \/>\n<meta property=\"og:type\" content=\"article\" \/>\n<meta property=\"og:title\" content=\"K\u00f6nny\u0171anyag kan\u00e1l\" \/>\n<meta property=\"og:description\" content=\"K\u00f6nny\u0171anyag kanalainkat gabona, faapr\u00edt\u00e9k \u00e9s egy\u00e9b kis s\u0171r\u0171s\u00e9g\u0171 \u00f6mlesztett \u00e1ru rakod\u00e1s\u00e1ra aj\u00e1nljuk. * HB 500 kem\u00e9nys\u00e9g\u0171 v\u00e1g\u00f3\u00e9l * csavarozhat\u00f3, k\u00e9t\u00e9l\u0171 kop\u00f3 \u00e9llel szerelve * er\u0151s\u00edtett kan\u00e1ltest, 2 db merev\u00edt\u0151vel a kan\u00e1l belsej\u00e9ben * sarokmerev\u00edt\u0151 elem a pal\u00e1st \u00e9s az oldallemez k\u00f6z\u00f6tt * kiv\u00e1l\u00f3 min\u0151s\u00e9g\u0171 ac\u00e9lb\u00f3l k\u00e9sz\u00fcl * b\u00e1rmilyen g\u00e9pt\u00edpushoz k\u00e9rhet\u0151 felfogat\u00e1s  Nagy m\u00e9retv\u00e1laszt\u00e9kban k\u00e9sz\u00edt\u00fcnk k\u00f6nny\u0171anyag kanalakat teleszk\u00f3pos g\u00e9mes rakod\u00f3ra, homlokrakod\u00f3ra, cs\u00fasz\u00f3korm\u00e1nyz\u00e1s\u00fa \u00e9s kombin\u00e1lt rakod\u00f3ra.\" \/>\n<meta property=\"og:url\" content=\"https:\/\/metalforming.hu\/en\/product\/konnyuanyag-kanal\/\" \/>\n<meta property=\"og:site_name\" content=\"Metalforming\" \/>\n<meta property=\"article:publisher\" content=\"https:\/\/www.facebook.com\/metalformingkft\" \/>\n<meta property=\"article:modified_time\" content=\"2025-02-14T10:38:02+00:00\" \/>\n<meta property=\"og:image\" content=\"https:\/\/metalforming.hu\/wp-content\/uploads\/2025\/02\/konnyuanyag-kanal-01.jpg\" \/>\n\t<meta property=\"og:image:width\" content=\"600\" \/>\n\t<meta property=\"og:image:height\" content=\"600\" \/>\n\t<meta property=\"og:image:type\" content=\"image\/jpeg\" \/>\n<meta name=\"twitter:card\" content=\"summary_large_image\" \/>\n<script type=\"application\/ld+json\" class=\"yoast-schema-graph\">{\"@context\":\"https:\\\/\\\/schema.org\",\"@graph\":[{\"@type\":\"WebPage\",\"@id\":\"https:\\\/\\\/metalforming.hu\\\/termek\\\/konnyuanyag-kanal\\\/\",\"url\":\"https:\\\/\\\/metalforming.hu\\\/termek\\\/konnyuanyag-kanal\\\/\",\"name\":\"K\u00f6nny\u0171anyag kan\u00e1l - Metalforming\",\"isPartOf\":{\"@id\":\"https:\\\/\\\/metalforming.hu\\\/#website\"},\"primaryImageOfPage\":{\"@id\":\"https:\\\/\\\/metalforming.hu\\\/termek\\\/konnyuanyag-kanal\\\/#primaryimage\"},\"image\":{\"@id\":\"https:\\\/\\\/metalforming.hu\\\/termek\\\/konnyuanyag-kanal\\\/#primaryimage\"},\"thumbnailUrl\":\"https:\\\/\\\/metalforming.hu\\\/wp-content\\\/uploads\\\/2025\\\/02\\\/konnyuanyag-kanal-01.jpg\",\"datePublished\":\"2025-02-04T08:36:39+00:00\",\"dateModified\":\"2025-02-14T10:38:02+00:00\",\"breadcrumb\":{\"@id\":\"https:\\\/\\\/metalforming.hu\\\/termek\\\/konnyuanyag-kanal\\\/#breadcrumb\"},\"inLanguage\":\"en-GB\",\"potentialAction\":[{\"@type\":\"ReadAction\",\"target\":[\"https:\\\/\\\/metalforming.hu\\\/termek\\\/konnyuanyag-kanal\\\/\"]}]},{\"@type\":\"ImageObject\",\"inLanguage\":\"en-GB\",\"@id\":\"https:\\\/\\\/metalforming.hu\\\/termek\\\/konnyuanyag-kanal\\\/#primaryimage\",\"url\":\"https:\\\/\\\/metalforming.hu\\\/wp-content\\\/uploads\\\/2025\\\/02\\\/konnyuanyag-kanal-01.jpg\",\"contentUrl\":\"https:\\\/\\\/metalforming.hu\\\/wp-content\\\/uploads\\\/2025\\\/02\\\/konnyuanyag-kanal-01.jpg\",\"width\":600,\"height\":600},{\"@type\":\"BreadcrumbList\",\"@id\":\"https:\\\/\\\/metalforming.hu\\\/termek\\\/konnyuanyag-kanal\\\/#breadcrumb\",\"itemListElement\":[{\"@type\":\"ListItem\",\"position\":1,\"name\":\"Kezd\u0151lap\",\"item\":\"https:\\\/\\\/metalforming.hu\\\/\"},{\"@type\":\"ListItem\",\"position\":2,\"name\":\"Shop\",\"item\":\"https:\\\/\\\/metalforming.hu\\\/uzlet\\\/\"},{\"@type\":\"ListItem\",\"position\":3,\"name\":\"K\u00f6nny\u0171anyag kan\u00e1l\"}]},{\"@type\":\"WebSite\",\"@id\":\"https:\\\/\\\/metalforming.hu\\\/#website\",\"url\":\"https:\\\/\\\/metalforming.hu\\\/\",\"name\":\"Metalforming\",\"description\":\"F\u00e9mmegmunk\u00e1ll\u00e1s fels\u0151fokon\",\"potentialAction\":[{\"@type\":\"SearchAction\",\"target\":{\"@type\":\"EntryPoint\",\"urlTemplate\":\"https:\\\/\\\/metalforming.hu\\\/?s={search_term_string}\"},\"query-input\":{\"@type\":\"PropertyValueSpecification\",\"valueRequired\":true,\"valueName\":\"search_term_string\"}}],\"inLanguage\":\"en-GB\"}]}<\/script>\n<!-- \/ Yoast SEO Premium plugin. -->","yoast_head_json":{"title":"K\u00f6nny\u0171anyag kan\u00e1l - Metalforming","robots":{"index":"index","follow":"follow","max-snippet":"max-snippet:-1","max-image-preview":"max-image-preview:large","max-video-preview":"max-video-preview:-1"},"canonical":"https:\/\/metalforming.hu\/en\/product\/konnyuanyag-kanal\/","og_locale":"en_GB","og_type":"article","og_title":"K\u00f6nny\u0171anyag kan\u00e1l","og_description":"K\u00f6nny\u0171anyag kanalainkat gabona, faapr\u00edt\u00e9k \u00e9s egy\u00e9b kis s\u0171r\u0171s\u00e9g\u0171 \u00f6mlesztett \u00e1ru rakod\u00e1s\u00e1ra aj\u00e1nljuk. * HB 500 kem\u00e9nys\u00e9g\u0171 v\u00e1g\u00f3\u00e9l * csavarozhat\u00f3, k\u00e9t\u00e9l\u0171 kop\u00f3 \u00e9llel szerelve * er\u0151s\u00edtett kan\u00e1ltest, 2 db merev\u00edt\u0151vel a kan\u00e1l belsej\u00e9ben * sarokmerev\u00edt\u0151 elem a pal\u00e1st \u00e9s az oldallemez k\u00f6z\u00f6tt * kiv\u00e1l\u00f3 min\u0151s\u00e9g\u0171 ac\u00e9lb\u00f3l k\u00e9sz\u00fcl * b\u00e1rmilyen g\u00e9pt\u00edpushoz k\u00e9rhet\u0151 felfogat\u00e1s  Nagy m\u00e9retv\u00e1laszt\u00e9kban k\u00e9sz\u00edt\u00fcnk k\u00f6nny\u0171anyag kanalakat teleszk\u00f3pos g\u00e9mes rakod\u00f3ra, homlokrakod\u00f3ra, cs\u00fasz\u00f3korm\u00e1nyz\u00e1s\u00fa \u00e9s kombin\u00e1lt rakod\u00f3ra.","og_url":"https:\/\/metalforming.hu\/en\/product\/konnyuanyag-kanal\/","og_site_name":"Metalforming","article_publisher":"https:\/\/www.facebook.com\/metalformingkft","article_modified_time":"2025-02-14T10:38:02+00:00","og_image":[{"width":600,"height":600,"url":"https:\/\/metalforming.hu\/wp-content\/uploads\/2025\/02\/konnyuanyag-kanal-01.jpg","type":"image\/jpeg"}],"twitter_card":"summary_large_image","schema":{"@context":"https:\/\/schema.org","@graph":[{"@type":"WebPage","@id":"https:\/\/metalforming.hu\/termek\/konnyuanyag-kanal\/","url":"https:\/\/metalforming.hu\/termek\/konnyuanyag-kanal\/","name":"K\u00f6nny\u0171anyag kan\u00e1l - Metalforming","isPartOf":{"@id":"https:\/\/metalforming.hu\/#website"},"primaryImageOfPage":{"@id":"https:\/\/metalforming.hu\/termek\/konnyuanyag-kanal\/#primaryimage"},"image":{"@id":"https:\/\/metalforming.hu\/termek\/konnyuanyag-kanal\/#primaryimage"},"thumbnailUrl":"https:\/\/metalforming.hu\/wp-content\/uploads\/2025\/02\/konnyuanyag-kanal-01.jpg","datePublished":"2025-02-04T08:36:39+00:00","dateModified":"2025-02-14T10:38:02+00:00","breadcrumb":{"@id":"https:\/\/metalforming.hu\/termek\/konnyuanyag-kanal\/#breadcrumb"},"inLanguage":"en-GB","potentialAction":[{"@type":"ReadAction","target":["https:\/\/metalforming.hu\/termek\/konnyuanyag-kanal\/"]}]},{"@type":"ImageObject","inLanguage":"en-GB","@id":"https:\/\/metalforming.hu\/termek\/konnyuanyag-kanal\/#primaryimage","url":"https:\/\/metalforming.hu\/wp-content\/uploads\/2025\/02\/konnyuanyag-kanal-01.jpg","contentUrl":"https:\/\/metalforming.hu\/wp-content\/uploads\/2025\/02\/konnyuanyag-kanal-01.jpg","width":600,"height":600},{"@type":"BreadcrumbList","@id":"https:\/\/metalforming.hu\/termek\/konnyuanyag-kanal\/#breadcrumb","itemListElement":[{"@type":"ListItem","position":1,"name":"Kezd\u0151lap","item":"https:\/\/metalforming.hu\/"},{"@type":"ListItem","position":2,"name":"Shop","item":"https:\/\/metalforming.hu\/uzlet\/"},{"@type":"ListItem","position":3,"name":"K\u00f6nny\u0171anyag kan\u00e1l"}]},{"@type":"WebSite","@id":"https:\/\/metalforming.hu\/#website","url":"https:\/\/metalforming.hu\/","name":"Metal forming","description":"Metalworking at the higher level","potentialAction":[{"@type":"SearchAction","target":{"@type":"EntryPoint","urlTemplate":"https:\/\/metalforming.hu\/?s={search_term_string}"},"query-input":{"@type":"PropertyValueSpecification","valueRequired":true,"valueName":"search_term_string"}}],"inLanguage":"en-GB"}]}},"_links":{"self":[{"href":"https:\/\/metalforming.hu\/en\/wp-json\/wp\/v2\/product\/304","targetHints":{"allow":["GET"]}}],"collection":[{"href":"https:\/\/metalforming.hu\/en\/wp-json\/wp\/v2\/product"}],"about":[{"href":"https:\/\/metalforming.hu\/en\/wp-json\/wp\/v2\/types\/product"}],"replies":[{"embeddable":true,"href":"https:\/\/metalforming.hu\/en\/wp-json\/wp\/v2\/comments?post=304"}],"version-history":[{"count":0,"href":"https:\/\/metalforming.hu\/en\/wp-json\/wp\/v2\/product\/304\/revisions"}],"wp:featuredmedia":[{"embeddable":true,"href":"https:\/\/metalforming.hu\/en\/wp-json\/wp\/v2\/media\/305"}],"wp:attachment":[{"href":"https:\/\/metalforming.hu\/en\/wp-json\/wp\/v2\/media?parent=304"}],"wp:term":[{"taxonomy":"product_brand","embeddable":true,"href":"https:\/\/metalforming.hu\/en\/wp-json\/wp\/v2\/product_brand?post=304"},{"taxonomy":"product_cat","embeddable":true,"href":"https:\/\/metalforming.hu\/en\/wp-json\/wp\/v2\/product_cat?post=304"},{"taxonomy":"product_tag","embeddable":true,"href":"https:\/\/metalforming.hu\/en\/wp-json\/wp\/v2\/product_tag?post=304"}],"curies":[{"name":"wp","href":"https:\/\/api.w.org\/{rel}","templated":true}]}}