{"id":320,"date":"2025-02-10T07:20:49","date_gmt":"2025-02-10T07:20:49","guid":{"rendered":"https:\/\/metalforming.hu\/?post_type=product&#038;p=320"},"modified":"2025-02-14T11:25:02","modified_gmt":"2025-02-14T11:25:02","slug":"ekecsavarok","status":"publish","type":"product","link":"https:\/\/metalforming.hu\/en\/product\/ekecsavarok\/","title":{"rendered":"Plow bolts"},"content":{"rendered":"<div data-elementor-type=\"product-post\" data-elementor-id=\"320\" class=\"elementor elementor-320\" data-elementor-post-type=\"product\">\n\t\t\t\t<div class=\"elementor-element elementor-element-aa52bb2 e-flex e-con-boxed e-con e-parent\" data-id=\"aa52bb2\" data-element_type=\"container\" data-e-type=\"container\">\n\t\t\t\t\t<div class=\"e-con-inner\">\n\t\t\t\t<div class=\"elementor-element elementor-element-cfa2b99 elementor-align-left elementor-widget elementor-widget-button\" data-id=\"cfa2b99\" data-element_type=\"widget\" data-e-type=\"widget\" data-widget_type=\"button.default\">\n\t\t\t\t<div class=\"elementor-widget-container\">\n\t\t\t\t\t\t\t\t\t<div class=\"elementor-button-wrapper\">\n\t\t\t\t\t<a class=\"elementor-button elementor-button-link elementor-size-sm\" href=\"#elementor-action%3Aaction%3Dpopup%3Aopen%26settings%3DeyJpZCI6IjU0OSIsInRvZ2dsZSI6ZmFsc2V9\">\n\t\t\t\t\t\t<span class=\"elementor-button-content-wrapper\">\n\t\t\t\t\t\t\t\t\t<span class=\"elementor-button-text\">Request for quotation<\/span>\n\t\t\t\t\t<\/span>\n\t\t\t\t\t<\/a>\n\t\t\t\t<\/div>\n\t\t\t\t\t\t\t\t<\/div>\n\t\t\t\t<\/div>\n\t\t\t\t\t<\/div>\n\t\t\t\t<\/div>\n\t\t\t\t<\/div>","protected":false},"excerpt":{"rendered":"<p>Request for quotation<\/p>","protected":false},"featured_media":321,"comment_status":"open","ping_status":"closed","template":"","meta":[],"product_brand":[],"product_cat":[22],"product_tag":[],"class_list":{"0":"post-320","1":"product","2":"type-product","3":"status-publish","4":"has-post-thumbnail","6":"product_cat-egyeb","8":"first","9":"instock","10":"shipping-taxable","11":"product-type-simple"},"yoast_head":"<!-- This site is optimized with the Yoast SEO Premium plugin v27.3 (Yoast SEO v27.3) - https:\/\/yoast.com\/product\/yoast-seo-premium-wordpress\/ -->\n<title>Ekecsavarok - Metalforming<\/title>\n<meta name=\"robots\" content=\"index, follow, max-snippet:-1, max-image-preview:large, max-video-preview:-1\" \/>\n<link rel=\"canonical\" href=\"https:\/\/metalforming.hu\/en\/product\/ekecsavarok\/\" \/>\n<meta property=\"og:locale\" content=\"en_GB\" \/>\n<meta property=\"og:type\" content=\"article\" \/>\n<meta property=\"og:title\" content=\"Ekecsavarok\" \/>\n<meta property=\"og:description\" content=\"Aj\u00e1nlatk\u00e9r\u00e9s\" \/>\n<meta property=\"og:url\" content=\"https:\/\/metalforming.hu\/en\/product\/ekecsavarok\/\" \/>\n<meta property=\"og:site_name\" content=\"Metalforming\" \/>\n<meta property=\"article:publisher\" content=\"https:\/\/www.facebook.com\/metalformingkft\" \/>\n<meta property=\"article:modified_time\" content=\"2025-02-14T11:25:02+00:00\" \/>\n<meta property=\"og:image\" content=\"https:\/\/metalforming.hu\/wp-content\/uploads\/2025\/02\/ekecsavarok-01.jpg\" \/>\n\t<meta property=\"og:image:width\" content=\"600\" \/>\n\t<meta property=\"og:image:height\" content=\"600\" \/>\n\t<meta property=\"og:image:type\" content=\"image\/jpeg\" \/>\n<meta name=\"twitter:card\" content=\"summary_large_image\" \/>\n<script type=\"application\/ld+json\" class=\"yoast-schema-graph\">{\"@context\":\"https:\\\/\\\/schema.org\",\"@graph\":[{\"@type\":\"WebPage\",\"@id\":\"https:\\\/\\\/metalforming.hu\\\/termek\\\/ekecsavarok\\\/\",\"url\":\"https:\\\/\\\/metalforming.hu\\\/termek\\\/ekecsavarok\\\/\",\"name\":\"Ekecsavarok - Metalforming\",\"isPartOf\":{\"@id\":\"https:\\\/\\\/metalforming.hu\\\/#website\"},\"primaryImageOfPage\":{\"@id\":\"https:\\\/\\\/metalforming.hu\\\/termek\\\/ekecsavarok\\\/#primaryimage\"},\"image\":{\"@id\":\"https:\\\/\\\/metalforming.hu\\\/termek\\\/ekecsavarok\\\/#primaryimage\"},\"thumbnailUrl\":\"https:\\\/\\\/metalforming.hu\\\/wp-content\\\/uploads\\\/2025\\\/02\\\/ekecsavarok-01.jpg\",\"datePublished\":\"2025-02-10T07:20:49+00:00\",\"dateModified\":\"2025-02-14T11:25:02+00:00\",\"breadcrumb\":{\"@id\":\"https:\\\/\\\/metalforming.hu\\\/termek\\\/ekecsavarok\\\/#breadcrumb\"},\"inLanguage\":\"en-GB\",\"potentialAction\":[{\"@type\":\"ReadAction\",\"target\":[\"https:\\\/\\\/metalforming.hu\\\/termek\\\/ekecsavarok\\\/\"]}]},{\"@type\":\"ImageObject\",\"inLanguage\":\"en-GB\",\"@id\":\"https:\\\/\\\/metalforming.hu\\\/termek\\\/ekecsavarok\\\/#primaryimage\",\"url\":\"https:\\\/\\\/metalforming.hu\\\/wp-content\\\/uploads\\\/2025\\\/02\\\/ekecsavarok-01.jpg\",\"contentUrl\":\"https:\\\/\\\/metalforming.hu\\\/wp-content\\\/uploads\\\/2025\\\/02\\\/ekecsavarok-01.jpg\",\"width\":600,\"height\":600},{\"@type\":\"BreadcrumbList\",\"@id\":\"https:\\\/\\\/metalforming.hu\\\/termek\\\/ekecsavarok\\\/#breadcrumb\",\"itemListElement\":[{\"@type\":\"ListItem\",\"position\":1,\"name\":\"Kezd\u0151lap\",\"item\":\"https:\\\/\\\/metalforming.hu\\\/\"},{\"@type\":\"ListItem\",\"position\":2,\"name\":\"Shop\",\"item\":\"https:\\\/\\\/metalforming.hu\\\/uzlet\\\/\"},{\"@type\":\"ListItem\",\"position\":3,\"name\":\"Ekecsavarok\"}]},{\"@type\":\"WebSite\",\"@id\":\"https:\\\/\\\/metalforming.hu\\\/#website\",\"url\":\"https:\\\/\\\/metalforming.hu\\\/\",\"name\":\"Metalforming\",\"description\":\"F\u00e9mmegmunk\u00e1ll\u00e1s fels\u0151fokon\",\"potentialAction\":[{\"@type\":\"SearchAction\",\"target\":{\"@type\":\"EntryPoint\",\"urlTemplate\":\"https:\\\/\\\/metalforming.hu\\\/?s={search_term_string}\"},\"query-input\":{\"@type\":\"PropertyValueSpecification\",\"valueRequired\":true,\"valueName\":\"search_term_string\"}}],\"inLanguage\":\"en-GB\"}]}<\/script>\n<!-- \/ Yoast SEO Premium plugin. -->","yoast_head_json":{"title":"Ekecsavarok - Metalforming","robots":{"index":"index","follow":"follow","max-snippet":"max-snippet:-1","max-image-preview":"max-image-preview:large","max-video-preview":"max-video-preview:-1"},"canonical":"https:\/\/metalforming.hu\/en\/product\/ekecsavarok\/","og_locale":"en_GB","og_type":"article","og_title":"Ekecsavarok","og_description":"Aj\u00e1nlatk\u00e9r\u00e9s","og_url":"https:\/\/metalforming.hu\/en\/product\/ekecsavarok\/","og_site_name":"Metalforming","article_publisher":"https:\/\/www.facebook.com\/metalformingkft","article_modified_time":"2025-02-14T11:25:02+00:00","og_image":[{"width":600,"height":600,"url":"https:\/\/metalforming.hu\/wp-content\/uploads\/2025\/02\/ekecsavarok-01.jpg","type":"image\/jpeg"}],"twitter_card":"summary_large_image","schema":{"@context":"https:\/\/schema.org","@graph":[{"@type":"WebPage","@id":"https:\/\/metalforming.hu\/termek\/ekecsavarok\/","url":"https:\/\/metalforming.hu\/termek\/ekecsavarok\/","name":"Ekecsavarok - Metalforming","isPartOf":{"@id":"https:\/\/metalforming.hu\/#website"},"primaryImageOfPage":{"@id":"https:\/\/metalforming.hu\/termek\/ekecsavarok\/#primaryimage"},"image":{"@id":"https:\/\/metalforming.hu\/termek\/ekecsavarok\/#primaryimage"},"thumbnailUrl":"https:\/\/metalforming.hu\/wp-content\/uploads\/2025\/02\/ekecsavarok-01.jpg","datePublished":"2025-02-10T07:20:49+00:00","dateModified":"2025-02-14T11:25:02+00:00","breadcrumb":{"@id":"https:\/\/metalforming.hu\/termek\/ekecsavarok\/#breadcrumb"},"inLanguage":"en-GB","potentialAction":[{"@type":"ReadAction","target":["https:\/\/metalforming.hu\/termek\/ekecsavarok\/"]}]},{"@type":"ImageObject","inLanguage":"en-GB","@id":"https:\/\/metalforming.hu\/termek\/ekecsavarok\/#primaryimage","url":"https:\/\/metalforming.hu\/wp-content\/uploads\/2025\/02\/ekecsavarok-01.jpg","contentUrl":"https:\/\/metalforming.hu\/wp-content\/uploads\/2025\/02\/ekecsavarok-01.jpg","width":600,"height":600},{"@type":"BreadcrumbList","@id":"https:\/\/metalforming.hu\/termek\/ekecsavarok\/#breadcrumb","itemListElement":[{"@type":"ListItem","position":1,"name":"Kezd\u0151lap","item":"https:\/\/metalforming.hu\/"},{"@type":"ListItem","position":2,"name":"Shop","item":"https:\/\/metalforming.hu\/uzlet\/"},{"@type":"ListItem","position":3,"name":"Ekecsavarok"}]},{"@type":"WebSite","@id":"https:\/\/metalforming.hu\/#website","url":"https:\/\/metalforming.hu\/","name":"Metal forming","description":"Metalworking at the higher level","potentialAction":[{"@type":"SearchAction","target":{"@type":"EntryPoint","urlTemplate":"https:\/\/metalforming.hu\/?s={search_term_string}"},"query-input":{"@type":"PropertyValueSpecification","valueRequired":true,"valueName":"search_term_string"}}],"inLanguage":"en-GB"}]}},"_links":{"self":[{"href":"https:\/\/metalforming.hu\/en\/wp-json\/wp\/v2\/product\/320","targetHints":{"allow":["GET"]}}],"collection":[{"href":"https:\/\/metalforming.hu\/en\/wp-json\/wp\/v2\/product"}],"about":[{"href":"https:\/\/metalforming.hu\/en\/wp-json\/wp\/v2\/types\/product"}],"replies":[{"embeddable":true,"href":"https:\/\/metalforming.hu\/en\/wp-json\/wp\/v2\/comments?post=320"}],"version-history":[{"count":0,"href":"https:\/\/metalforming.hu\/en\/wp-json\/wp\/v2\/product\/320\/revisions"}],"wp:featuredmedia":[{"embeddable":true,"href":"https:\/\/metalforming.hu\/en\/wp-json\/wp\/v2\/media\/321"}],"wp:attachment":[{"href":"https:\/\/metalforming.hu\/en\/wp-json\/wp\/v2\/media?parent=320"}],"wp:term":[{"taxonomy":"product_brand","embeddable":true,"href":"https:\/\/metalforming.hu\/en\/wp-json\/wp\/v2\/product_brand?post=320"},{"taxonomy":"product_cat","embeddable":true,"href":"https:\/\/metalforming.hu\/en\/wp-json\/wp\/v2\/product_cat?post=320"},{"taxonomy":"product_tag","embeddable":true,"href":"https:\/\/metalforming.hu\/en\/wp-json\/wp\/v2\/product_tag?post=320"}],"curies":[{"name":"wp","href":"https:\/\/api.w.org\/{rel}","templated":true}]}}