{"id":332,"date":"2025-02-10T07:30:10","date_gmt":"2025-02-10T07:30:10","guid":{"rendered":"https:\/\/metalforming.hu\/?post_type=product&#038;p=332"},"modified":"2025-02-14T10:29:46","modified_gmt":"2025-02-14T10:29:46","slug":"betonkevero-kanal","status":"publish","type":"product","link":"https:\/\/metalforming.hu\/en\/product\/betonkevero-kanal\/","title":{"rendered":"Concrete mixing bucket"},"content":{"rendered":"<div data-elementor-type=\"product-post\" data-elementor-id=\"332\" class=\"elementor elementor-332\" data-elementor-post-type=\"product\">\n\t\t\t\t<div class=\"elementor-element elementor-element-9d7a543 e-flex e-con-boxed e-con e-parent\" data-id=\"9d7a543\" data-element_type=\"container\" data-e-type=\"container\">\n\t\t\t\t\t<div class=\"e-con-inner\">\n\t\t\t\t<div class=\"elementor-element elementor-element-f036ffb elementor-align-left elementor-widget elementor-widget-button\" data-id=\"f036ffb\" data-element_type=\"widget\" data-e-type=\"widget\" data-widget_type=\"button.default\">\n\t\t\t\t<div class=\"elementor-widget-container\">\n\t\t\t\t\t\t\t\t\t<div class=\"elementor-button-wrapper\">\n\t\t\t\t\t<a class=\"elementor-button elementor-button-link elementor-size-sm\" href=\"#elementor-action%3Aaction%3Dpopup%3Aopen%26settings%3DeyJpZCI6IjQ3MiIsInRvZ2dsZSI6ZmFsc2V9\">\n\t\t\t\t\t\t<span class=\"elementor-button-content-wrapper\">\n\t\t\t\t\t\t\t\t\t<span class=\"elementor-button-text\">Request for quotation<\/span>\n\t\t\t\t\t<\/span>\n\t\t\t\t\t<\/a>\n\t\t\t\t<\/div>\n\t\t\t\t\t\t\t\t<\/div>\n\t\t\t\t<\/div>\n\t\t\t\t\t<\/div>\n\t\t\t\t<\/div>\n\t\t\t\t<\/div>","protected":false},"excerpt":{"rendered":"<p>Using a concrete mixing bucket allows you to efficiently perform concreting work on the job site. It allows for faster, more efficient and more cost-effective work compared to manual work.<\/p>\n<p>Advantages of our hydraulic concrete mixing buckets:<br \/>\n* A big advantage of our concrete mixing buckets is that they are equipped with interchangeable lugs. From now on, you don&#039;t have to sell your device when buying a new machine, and you can also install it on your existing machines, even if they have different connections.<br \/>\n* Facilitates workflows.<br \/>\n* Less manual labor is required, concreting can be carried out with a smaller number of workers.<br \/>\n* Made of high quality steel.<br \/>\n* High-stress parts (cutting edge, mixing blade) made of wear-resistant steel with a hardness of HB500.<br \/>\n* High-quality sealing system at the ends of the mixing shaft to prevent unwanted concrete dripping and ensure long service life.<br \/>\n* The mixed concrete can be emptied through the opening at the bottom of the bucket and directed to the exact location using a flexible tube.<br \/>\n* The discharge door is moved hydraulically, which can be controlled from the cab with an electric button.<br \/>\n* The hydraulic motor allows 2-way rotation.<br \/>\n* Available with attachments for any backhoe loader\/skidder\/telescopic loader\/front loader\/excavator.<\/p>\n<p>Standard equipment:<br \/>\n\u2013 Protective grid at the front of the bucket.<br \/>\n\u2013 Hydraulic pipes.<br \/>\n\u2013 Hydraulic motor.<br \/>\n\u2013 Ears tailored to your machine.<br \/>\n\u2013 Instructions for use.<\/p>\n<p>Optional equipment:<br \/>\n\u2013 Drainage opening with hydraulic cylinder and associated directional control valve and electrical connections.<br \/>\n\u2013 Installation of a central greaser for greasing seals.<\/p>","protected":false},"featured_media":333,"comment_status":"open","ping_status":"closed","template":"","meta":[],"product_brand":[],"product_cat":[22],"product_tag":[],"class_list":{"0":"post-332","1":"product","2":"type-product","3":"status-publish","4":"has-post-thumbnail","6":"product_cat-egyeb","8":"first","9":"instock","10":"shipping-taxable","11":"product-type-simple"},"yoast_head":"<!-- This site is optimized with the Yoast SEO Premium plugin v27.3 (Yoast SEO v27.3) - https:\/\/yoast.com\/product\/yoast-seo-premium-wordpress\/ -->\n<title>Betonkever\u0151 kan\u00e1l - Metalforming<\/title>\n<meta name=\"robots\" content=\"index, follow, max-snippet:-1, max-image-preview:large, max-video-preview:-1\" \/>\n<link rel=\"canonical\" href=\"https:\/\/metalforming.hu\/en\/product\/betonkevero-kanal\/\" \/>\n<meta property=\"og:locale\" content=\"en_GB\" \/>\n<meta property=\"og:type\" content=\"article\" \/>\n<meta property=\"og:title\" content=\"Betonkever\u0151 kan\u00e1l\" \/>\n<meta property=\"og:description\" content=\"A betonkever\u0151 kan\u00e1l haszn\u00e1lat\u00e1val hat\u00e9konyan lehet a munkater\u00fcleten betonoz\u00e1si munk\u00e1kat v\u00e9gezni. A k\u00e9zi munkav\u00e9gz\u00e9shez k\u00e9pest gyorsabb, hat\u00e9konyabb \u00e9s k\u00f6lts\u00e9gk\u00edm\u00e9l\u0151bb munk\u00e1t tesz lehet\u0151v\u00e9.  Hidraulikus betonkever\u0151 kanalaink el\u0151nyei: * Betonkever\u0151 kanalaink nagy el\u0151nye, hogy cser\u00e9lhet\u0151 f\u00fclez\u00e9ssel szerelj\u00fck \u0151ket. Ezent\u00fal nem kell eladnia eszk\u00f6z\u00e9t \u00fajabb g\u00e9p v\u00e1s\u00e1rl\u00e1sa eset\u00e9n, illetve m\u00e1r megl\u00e9v\u0151 g\u00e9peire is felszerelheti, akkor is, ha azok k\u00fcl\u00f6nb\u00f6z\u0151 csatlakoz\u00e1ssal rendelkeznek. * Megk\u00f6nny\u00edti a munkafolyamatokat. * Kevesebb k\u00e9zi munkav\u00e9gz\u00e9s sz\u00fcks\u00e9ges, kisebb l\u00e9tsz\u00e1mmal is v\u00e9gezhet\u0151 betonoz\u00e1s. * Magas min\u0151s\u00e9g\u0171 ac\u00e9lb\u00f3l k\u00e9sz\u00fcl. * A nagy ig\u00e9nybev\u00e9tel\u0171 r\u00e9szeken (v\u00e1g\u00f3\u00e9l, kever\u0151lap\u00e1t) HB500 kem\u00e9nys\u00e9g\u0171 kop\u00e1s\u00e1ll\u00f3 ac\u00e9lb\u00f3l. * Kiv\u00e1l\u00f3 min\u0151s\u00e9g\u0171 t\u00f6m\u00edt\u0151rendszer a kever\u0151 tengely v\u00e9gein\u00e9l, hogy a nem k\u00edv\u00e1nt betonl\u00e9 csepeg\u00e9st elker\u00fclj\u00fck, \u00e9s biztos\u00edtsuk a hossz\u00fa \u00e9lettartamot. * A megkevert betont a kan\u00e1l alj\u00e1n elhelyezett ny\u00edl\u00e1son kereszt\u00fcl lehet \u00fcr\u00edteni, flexibilis cs\u0151 seg\u00edts\u00e9g\u00e9vel pedig a pontos hely\u00e9re lehet ir\u00e1ny\u00edtani. * A kivezet\u0151 ny\u00edl\u00e1s ajtaj\u00e1nak mozgat\u00e1sa hidraulikus m\u00f3don t\u00f6rt\u00e9nik, melyet a f\u00fclk\u00e9b\u0151l egy elektromos gombbal lehet vez\u00e9relni. * A hidraulikus motor 2 ir\u00e1ny\u00fa forg\u00e1st tesz lehet\u0151v\u00e9. * B\u00e1rmilyen kotr\u00f3-rakod\u00f3\/cs\u00fasz\u00f3korm\u00e1nyz\u00e1s\u00fa\/teleszk\u00f3pos rakod\u00f3\/homlokrakod\u00f3\/kotr\u00f3 g\u00e9pre k\u00e9rhet\u0151 f\u00fclez\u00e9ssel.  Alapfelszerelts\u00e9g: - V\u00e9d\u0151 r\u00e1cs a kan\u00e1l elej\u00e9n. - Hidraulika cs\u00f6vek. - Hidraulikus motor. - Az \u00d6n munkag\u00e9p\u00e9hez szabott f\u00fclez\u00e9s. - Haszn\u00e1lati utas\u00edt\u00e1s.  Opcion\u00e1lis felszerelts\u00e9g: - Leereszt\u0151 ny\u00edl\u00e1s hidraulikus munkahengerrel \u00e9s az ehhez tartoz\u00f3 \u00fatv\u00e1lt\u00f3 szeleppel, illetve elektromos csatlakoz\u00f3kkal. - K\u00f6zponti zs\u00edrz\u00f3 ki\u00e9p\u00edt\u00e9se a t\u00f6m\u00edt\u00e9sek zs\u00edroz\u00e1s\u00e1hoz.\" \/>\n<meta property=\"og:url\" content=\"https:\/\/metalforming.hu\/en\/product\/betonkevero-kanal\/\" \/>\n<meta property=\"og:site_name\" content=\"Metalforming\" \/>\n<meta property=\"article:publisher\" content=\"https:\/\/www.facebook.com\/metalformingkft\" \/>\n<meta property=\"article:modified_time\" content=\"2025-02-14T10:29:46+00:00\" \/>\n<meta property=\"og:image\" content=\"https:\/\/metalforming.hu\/wp-content\/uploads\/2025\/02\/betonkevero-kanal-01.jpg\" \/>\n\t<meta property=\"og:image:width\" content=\"600\" \/>\n\t<meta property=\"og:image:height\" content=\"600\" \/>\n\t<meta property=\"og:image:type\" content=\"image\/jpeg\" \/>\n<meta name=\"twitter:card\" content=\"summary_large_image\" \/>\n<script type=\"application\/ld+json\" class=\"yoast-schema-graph\">{\"@context\":\"https:\\\/\\\/schema.org\",\"@graph\":[{\"@type\":\"WebPage\",\"@id\":\"https:\\\/\\\/metalforming.hu\\\/termek\\\/betonkevero-kanal\\\/\",\"url\":\"https:\\\/\\\/metalforming.hu\\\/termek\\\/betonkevero-kanal\\\/\",\"name\":\"Betonkever\u0151 kan\u00e1l - Metalforming\",\"isPartOf\":{\"@id\":\"https:\\\/\\\/metalforming.hu\\\/#website\"},\"primaryImageOfPage\":{\"@id\":\"https:\\\/\\\/metalforming.hu\\\/termek\\\/betonkevero-kanal\\\/#primaryimage\"},\"image\":{\"@id\":\"https:\\\/\\\/metalforming.hu\\\/termek\\\/betonkevero-kanal\\\/#primaryimage\"},\"thumbnailUrl\":\"https:\\\/\\\/metalforming.hu\\\/wp-content\\\/uploads\\\/2025\\\/02\\\/betonkevero-kanal-01.jpg\",\"datePublished\":\"2025-02-10T07:30:10+00:00\",\"dateModified\":\"2025-02-14T10:29:46+00:00\",\"breadcrumb\":{\"@id\":\"https:\\\/\\\/metalforming.hu\\\/termek\\\/betonkevero-kanal\\\/#breadcrumb\"},\"inLanguage\":\"en-GB\",\"potentialAction\":[{\"@type\":\"ReadAction\",\"target\":[\"https:\\\/\\\/metalforming.hu\\\/termek\\\/betonkevero-kanal\\\/\"]}]},{\"@type\":\"ImageObject\",\"inLanguage\":\"en-GB\",\"@id\":\"https:\\\/\\\/metalforming.hu\\\/termek\\\/betonkevero-kanal\\\/#primaryimage\",\"url\":\"https:\\\/\\\/metalforming.hu\\\/wp-content\\\/uploads\\\/2025\\\/02\\\/betonkevero-kanal-01.jpg\",\"contentUrl\":\"https:\\\/\\\/metalforming.hu\\\/wp-content\\\/uploads\\\/2025\\\/02\\\/betonkevero-kanal-01.jpg\",\"width\":600,\"height\":600},{\"@type\":\"BreadcrumbList\",\"@id\":\"https:\\\/\\\/metalforming.hu\\\/termek\\\/betonkevero-kanal\\\/#breadcrumb\",\"itemListElement\":[{\"@type\":\"ListItem\",\"position\":1,\"name\":\"Kezd\u0151lap\",\"item\":\"https:\\\/\\\/metalforming.hu\\\/\"},{\"@type\":\"ListItem\",\"position\":2,\"name\":\"Shop\",\"item\":\"https:\\\/\\\/metalforming.hu\\\/uzlet\\\/\"},{\"@type\":\"ListItem\",\"position\":3,\"name\":\"Betonkever\u0151 kan\u00e1l\"}]},{\"@type\":\"WebSite\",\"@id\":\"https:\\\/\\\/metalforming.hu\\\/#website\",\"url\":\"https:\\\/\\\/metalforming.hu\\\/\",\"name\":\"Metalforming\",\"description\":\"F\u00e9mmegmunk\u00e1ll\u00e1s fels\u0151fokon\",\"potentialAction\":[{\"@type\":\"SearchAction\",\"target\":{\"@type\":\"EntryPoint\",\"urlTemplate\":\"https:\\\/\\\/metalforming.hu\\\/?s={search_term_string}\"},\"query-input\":{\"@type\":\"PropertyValueSpecification\",\"valueRequired\":true,\"valueName\":\"search_term_string\"}}],\"inLanguage\":\"en-GB\"}]}<\/script>\n<!-- \/ Yoast SEO Premium plugin. -->","yoast_head_json":{"title":"Betonkever\u0151 kan\u00e1l - Metalforming","robots":{"index":"index","follow":"follow","max-snippet":"max-snippet:-1","max-image-preview":"max-image-preview:large","max-video-preview":"max-video-preview:-1"},"canonical":"https:\/\/metalforming.hu\/en\/product\/betonkevero-kanal\/","og_locale":"en_GB","og_type":"article","og_title":"Betonkever\u0151 kan\u00e1l","og_description":"A betonkever\u0151 kan\u00e1l haszn\u00e1lat\u00e1val hat\u00e9konyan lehet a munkater\u00fcleten betonoz\u00e1si munk\u00e1kat v\u00e9gezni. A k\u00e9zi munkav\u00e9gz\u00e9shez k\u00e9pest gyorsabb, hat\u00e9konyabb \u00e9s k\u00f6lts\u00e9gk\u00edm\u00e9l\u0151bb munk\u00e1t tesz lehet\u0151v\u00e9.  Hidraulikus betonkever\u0151 kanalaink el\u0151nyei: * Betonkever\u0151 kanalaink nagy el\u0151nye, hogy cser\u00e9lhet\u0151 f\u00fclez\u00e9ssel szerelj\u00fck \u0151ket. Ezent\u00fal nem kell eladnia eszk\u00f6z\u00e9t \u00fajabb g\u00e9p v\u00e1s\u00e1rl\u00e1sa eset\u00e9n, illetve m\u00e1r megl\u00e9v\u0151 g\u00e9peire is felszerelheti, akkor is, ha azok k\u00fcl\u00f6nb\u00f6z\u0151 csatlakoz\u00e1ssal rendelkeznek. * Megk\u00f6nny\u00edti a munkafolyamatokat. * Kevesebb k\u00e9zi munkav\u00e9gz\u00e9s sz\u00fcks\u00e9ges, kisebb l\u00e9tsz\u00e1mmal is v\u00e9gezhet\u0151 betonoz\u00e1s. * Magas min\u0151s\u00e9g\u0171 ac\u00e9lb\u00f3l k\u00e9sz\u00fcl. * A nagy ig\u00e9nybev\u00e9tel\u0171 r\u00e9szeken (v\u00e1g\u00f3\u00e9l, kever\u0151lap\u00e1t) HB500 kem\u00e9nys\u00e9g\u0171 kop\u00e1s\u00e1ll\u00f3 ac\u00e9lb\u00f3l. * Kiv\u00e1l\u00f3 min\u0151s\u00e9g\u0171 t\u00f6m\u00edt\u0151rendszer a kever\u0151 tengely v\u00e9gein\u00e9l, hogy a nem k\u00edv\u00e1nt betonl\u00e9 csepeg\u00e9st elker\u00fclj\u00fck, \u00e9s biztos\u00edtsuk a hossz\u00fa \u00e9lettartamot. * A megkevert betont a kan\u00e1l alj\u00e1n elhelyezett ny\u00edl\u00e1son kereszt\u00fcl lehet \u00fcr\u00edteni, flexibilis cs\u0151 seg\u00edts\u00e9g\u00e9vel pedig a pontos hely\u00e9re lehet ir\u00e1ny\u00edtani. * A kivezet\u0151 ny\u00edl\u00e1s ajtaj\u00e1nak mozgat\u00e1sa hidraulikus m\u00f3don t\u00f6rt\u00e9nik, melyet a f\u00fclk\u00e9b\u0151l egy elektromos gombbal lehet vez\u00e9relni. * A hidraulikus motor 2 ir\u00e1ny\u00fa forg\u00e1st tesz lehet\u0151v\u00e9. * B\u00e1rmilyen kotr\u00f3-rakod\u00f3\/cs\u00fasz\u00f3korm\u00e1nyz\u00e1s\u00fa\/teleszk\u00f3pos rakod\u00f3\/homlokrakod\u00f3\/kotr\u00f3 g\u00e9pre k\u00e9rhet\u0151 f\u00fclez\u00e9ssel.  Alapfelszerelts\u00e9g: - V\u00e9d\u0151 r\u00e1cs a kan\u00e1l elej\u00e9n. - Hidraulika cs\u00f6vek. - Hidraulikus motor. - Az \u00d6n munkag\u00e9p\u00e9hez szabott f\u00fclez\u00e9s. - Haszn\u00e1lati utas\u00edt\u00e1s.  Opcion\u00e1lis felszerelts\u00e9g: - Leereszt\u0151 ny\u00edl\u00e1s hidraulikus munkahengerrel \u00e9s az ehhez tartoz\u00f3 \u00fatv\u00e1lt\u00f3 szeleppel, illetve elektromos csatlakoz\u00f3kkal. - K\u00f6zponti zs\u00edrz\u00f3 ki\u00e9p\u00edt\u00e9se a t\u00f6m\u00edt\u00e9sek zs\u00edroz\u00e1s\u00e1hoz.","og_url":"https:\/\/metalforming.hu\/en\/product\/betonkevero-kanal\/","og_site_name":"Metalforming","article_publisher":"https:\/\/www.facebook.com\/metalformingkft","article_modified_time":"2025-02-14T10:29:46+00:00","og_image":[{"width":600,"height":600,"url":"https:\/\/metalforming.hu\/wp-content\/uploads\/2025\/02\/betonkevero-kanal-01.jpg","type":"image\/jpeg"}],"twitter_card":"summary_large_image","schema":{"@context":"https:\/\/schema.org","@graph":[{"@type":"WebPage","@id":"https:\/\/metalforming.hu\/termek\/betonkevero-kanal\/","url":"https:\/\/metalforming.hu\/termek\/betonkevero-kanal\/","name":"Betonkever\u0151 kan\u00e1l - Metalforming","isPartOf":{"@id":"https:\/\/metalforming.hu\/#website"},"primaryImageOfPage":{"@id":"https:\/\/metalforming.hu\/termek\/betonkevero-kanal\/#primaryimage"},"image":{"@id":"https:\/\/metalforming.hu\/termek\/betonkevero-kanal\/#primaryimage"},"thumbnailUrl":"https:\/\/metalforming.hu\/wp-content\/uploads\/2025\/02\/betonkevero-kanal-01.jpg","datePublished":"2025-02-10T07:30:10+00:00","dateModified":"2025-02-14T10:29:46+00:00","breadcrumb":{"@id":"https:\/\/metalforming.hu\/termek\/betonkevero-kanal\/#breadcrumb"},"inLanguage":"en-GB","potentialAction":[{"@type":"ReadAction","target":["https:\/\/metalforming.hu\/termek\/betonkevero-kanal\/"]}]},{"@type":"ImageObject","inLanguage":"en-GB","@id":"https:\/\/metalforming.hu\/termek\/betonkevero-kanal\/#primaryimage","url":"https:\/\/metalforming.hu\/wp-content\/uploads\/2025\/02\/betonkevero-kanal-01.jpg","contentUrl":"https:\/\/metalforming.hu\/wp-content\/uploads\/2025\/02\/betonkevero-kanal-01.jpg","width":600,"height":600},{"@type":"BreadcrumbList","@id":"https:\/\/metalforming.hu\/termek\/betonkevero-kanal\/#breadcrumb","itemListElement":[{"@type":"ListItem","position":1,"name":"Kezd\u0151lap","item":"https:\/\/metalforming.hu\/"},{"@type":"ListItem","position":2,"name":"Shop","item":"https:\/\/metalforming.hu\/uzlet\/"},{"@type":"ListItem","position":3,"name":"Betonkever\u0151 kan\u00e1l"}]},{"@type":"WebSite","@id":"https:\/\/metalforming.hu\/#website","url":"https:\/\/metalforming.hu\/","name":"Metal forming","description":"Metalworking at the higher level","potentialAction":[{"@type":"SearchAction","target":{"@type":"EntryPoint","urlTemplate":"https:\/\/metalforming.hu\/?s={search_term_string}"},"query-input":{"@type":"PropertyValueSpecification","valueRequired":true,"valueName":"search_term_string"}}],"inLanguage":"en-GB"}]}},"_links":{"self":[{"href":"https:\/\/metalforming.hu\/en\/wp-json\/wp\/v2\/product\/332","targetHints":{"allow":["GET"]}}],"collection":[{"href":"https:\/\/metalforming.hu\/en\/wp-json\/wp\/v2\/product"}],"about":[{"href":"https:\/\/metalforming.hu\/en\/wp-json\/wp\/v2\/types\/product"}],"replies":[{"embeddable":true,"href":"https:\/\/metalforming.hu\/en\/wp-json\/wp\/v2\/comments?post=332"}],"version-history":[{"count":0,"href":"https:\/\/metalforming.hu\/en\/wp-json\/wp\/v2\/product\/332\/revisions"}],"wp:featuredmedia":[{"embeddable":true,"href":"https:\/\/metalforming.hu\/en\/wp-json\/wp\/v2\/media\/333"}],"wp:attachment":[{"href":"https:\/\/metalforming.hu\/en\/wp-json\/wp\/v2\/media?parent=332"}],"wp:term":[{"taxonomy":"product_brand","embeddable":true,"href":"https:\/\/metalforming.hu\/en\/wp-json\/wp\/v2\/product_brand?post=332"},{"taxonomy":"product_cat","embeddable":true,"href":"https:\/\/metalforming.hu\/en\/wp-json\/wp\/v2\/product_cat?post=332"},{"taxonomy":"product_tag","embeddable":true,"href":"https:\/\/metalforming.hu\/en\/wp-json\/wp\/v2\/product_tag?post=332"}],"curies":[{"name":"wp","href":"https:\/\/api.w.org\/{rel}","templated":true}]}}