{"id":405,"date":"2025-02-11T11:41:42","date_gmt":"2025-02-11T11:41:42","guid":{"rendered":"https:\/\/metalforming.hu\/?post_type=product&#038;p=405"},"modified":"2025-02-14T10:33:18","modified_gmt":"2025-02-14T10:33:18","slug":"nyithato-rakodo-kanal","status":"publish","type":"product","link":"https:\/\/metalforming.hu\/en\/product\/nyithato-rakodo-kanal\/","title":{"rendered":"Openable loading bucket"},"content":{"rendered":"<div data-elementor-type=\"product-post\" data-elementor-id=\"405\" class=\"elementor elementor-405\" data-elementor-post-type=\"product\">\n\t\t\t\t<div class=\"elementor-element elementor-element-38deb51 e-flex e-con-boxed e-con e-parent\" data-id=\"38deb51\" data-element_type=\"container\" data-e-type=\"container\">\n\t\t\t\t\t<div class=\"e-con-inner\">\n\t\t\t\t<div class=\"elementor-element elementor-element-d38ff4d elementor-align-left elementor-widget elementor-widget-button\" data-id=\"d38ff4d\" data-element_type=\"widget\" data-e-type=\"widget\" data-widget_type=\"button.default\">\n\t\t\t\t<div class=\"elementor-widget-container\">\n\t\t\t\t\t\t\t\t\t<div class=\"elementor-button-wrapper\">\n\t\t\t\t\t<a class=\"elementor-button elementor-button-link elementor-size-sm\" href=\"#elementor-action%3Aaction%3Dpopup%3Aopen%26settings%3DeyJpZCI6IjM3MyIsInRvZ2dsZSI6ZmFsc2V9\">\n\t\t\t\t\t\t<span class=\"elementor-button-content-wrapper\">\n\t\t\t\t\t\t\t\t\t<span class=\"elementor-button-text\">Request for quotation<\/span>\n\t\t\t\t\t<\/span>\n\t\t\t\t\t<\/a>\n\t\t\t\t<\/div>\n\t\t\t\t\t\t\t\t<\/div>\n\t\t\t\t<\/div>\n\t\t\t\t\t<\/div>\n\t\t\t\t<\/div>\n\t\t\t\t<\/div>","protected":false},"excerpt":{"rendered":"<p>Request for quotation<\/p>","protected":false},"featured_media":0,"comment_status":"open","ping_status":"closed","template":"","meta":[],"product_brand":[],"product_cat":[22],"product_tag":[],"class_list":{"0":"post-405","1":"product","2":"type-product","3":"status-publish","5":"product_cat-egyeb","7":"first","8":"instock","9":"shipping-taxable","10":"product-type-simple"},"yoast_head":"<!-- This site is optimized with the Yoast SEO Premium plugin v27.3 (Yoast SEO v27.3) - https:\/\/yoast.com\/product\/yoast-seo-premium-wordpress\/ -->\n<title>Nyithat\u00f3 rakod\u00f3 kan\u00e1l - Metalforming<\/title>\n<meta name=\"robots\" content=\"index, follow, max-snippet:-1, max-image-preview:large, max-video-preview:-1\" \/>\n<link rel=\"canonical\" href=\"https:\/\/metalforming.hu\/en\/product\/nyithato-rakodo-kanal\/\" \/>\n<meta property=\"og:locale\" content=\"en_GB\" \/>\n<meta property=\"og:type\" content=\"article\" \/>\n<meta property=\"og:title\" content=\"Nyithat\u00f3 rakod\u00f3 kan\u00e1l\" \/>\n<meta property=\"og:description\" content=\"Aj\u00e1nlatk\u00e9r\u00e9s\" \/>\n<meta property=\"og:url\" content=\"https:\/\/metalforming.hu\/en\/product\/nyithato-rakodo-kanal\/\" \/>\n<meta property=\"og:site_name\" content=\"Metalforming\" \/>\n<meta property=\"article:publisher\" content=\"https:\/\/www.facebook.com\/metalformingkft\" \/>\n<meta property=\"article:modified_time\" content=\"2025-02-14T10:33:18+00:00\" \/>\n<meta property=\"og:image\" content=\"https:\/\/metalforming.hu\/wp-content\/uploads\/2024\/12\/cropped-wp-1625000531648-1-300x300-1.jpg\" \/>\n\t<meta property=\"og:image:width\" content=\"300\" \/>\n\t<meta property=\"og:image:height\" content=\"300\" \/>\n\t<meta property=\"og:image:type\" content=\"image\/jpeg\" \/>\n<meta name=\"twitter:card\" content=\"summary_large_image\" \/>\n<script type=\"application\/ld+json\" class=\"yoast-schema-graph\">{\"@context\":\"https:\\\/\\\/schema.org\",\"@graph\":[{\"@type\":\"WebPage\",\"@id\":\"https:\\\/\\\/metalforming.hu\\\/termek\\\/nyithato-rakodo-kanal\\\/\",\"url\":\"https:\\\/\\\/metalforming.hu\\\/termek\\\/nyithato-rakodo-kanal\\\/\",\"name\":\"Nyithat\u00f3 rakod\u00f3 kan\u00e1l - Metalforming\",\"isPartOf\":{\"@id\":\"https:\\\/\\\/metalforming.hu\\\/#website\"},\"datePublished\":\"2025-02-11T11:41:42+00:00\",\"dateModified\":\"2025-02-14T10:33:18+00:00\",\"breadcrumb\":{\"@id\":\"https:\\\/\\\/metalforming.hu\\\/termek\\\/nyithato-rakodo-kanal\\\/#breadcrumb\"},\"inLanguage\":\"en-GB\",\"potentialAction\":[{\"@type\":\"ReadAction\",\"target\":[\"https:\\\/\\\/metalforming.hu\\\/termek\\\/nyithato-rakodo-kanal\\\/\"]}]},{\"@type\":\"BreadcrumbList\",\"@id\":\"https:\\\/\\\/metalforming.hu\\\/termek\\\/nyithato-rakodo-kanal\\\/#breadcrumb\",\"itemListElement\":[{\"@type\":\"ListItem\",\"position\":1,\"name\":\"Kezd\u0151lap\",\"item\":\"https:\\\/\\\/metalforming.hu\\\/\"},{\"@type\":\"ListItem\",\"position\":2,\"name\":\"Shop\",\"item\":\"https:\\\/\\\/metalforming.hu\\\/uzlet\\\/\"},{\"@type\":\"ListItem\",\"position\":3,\"name\":\"Nyithat\u00f3 rakod\u00f3 kan\u00e1l\"}]},{\"@type\":\"WebSite\",\"@id\":\"https:\\\/\\\/metalforming.hu\\\/#website\",\"url\":\"https:\\\/\\\/metalforming.hu\\\/\",\"name\":\"Metalforming\",\"description\":\"F\u00e9mmegmunk\u00e1ll\u00e1s fels\u0151fokon\",\"potentialAction\":[{\"@type\":\"SearchAction\",\"target\":{\"@type\":\"EntryPoint\",\"urlTemplate\":\"https:\\\/\\\/metalforming.hu\\\/?s={search_term_string}\"},\"query-input\":{\"@type\":\"PropertyValueSpecification\",\"valueRequired\":true,\"valueName\":\"search_term_string\"}}],\"inLanguage\":\"en-GB\"}]}<\/script>\n<!-- \/ Yoast SEO Premium plugin. -->","yoast_head_json":{"title":"Nyithat\u00f3 rakod\u00f3 kan\u00e1l - Metalforming","robots":{"index":"index","follow":"follow","max-snippet":"max-snippet:-1","max-image-preview":"max-image-preview:large","max-video-preview":"max-video-preview:-1"},"canonical":"https:\/\/metalforming.hu\/en\/product\/nyithato-rakodo-kanal\/","og_locale":"en_GB","og_type":"article","og_title":"Nyithat\u00f3 rakod\u00f3 kan\u00e1l","og_description":"Aj\u00e1nlatk\u00e9r\u00e9s","og_url":"https:\/\/metalforming.hu\/en\/product\/nyithato-rakodo-kanal\/","og_site_name":"Metalforming","article_publisher":"https:\/\/www.facebook.com\/metalformingkft","article_modified_time":"2025-02-14T10:33:18+00:00","og_image":[{"width":300,"height":300,"url":"https:\/\/metalforming.hu\/wp-content\/uploads\/2024\/12\/cropped-wp-1625000531648-1-300x300-1.jpg","type":"image\/jpeg"}],"twitter_card":"summary_large_image","schema":{"@context":"https:\/\/schema.org","@graph":[{"@type":"WebPage","@id":"https:\/\/metalforming.hu\/termek\/nyithato-rakodo-kanal\/","url":"https:\/\/metalforming.hu\/termek\/nyithato-rakodo-kanal\/","name":"Nyithat\u00f3 rakod\u00f3 kan\u00e1l - Metalforming","isPartOf":{"@id":"https:\/\/metalforming.hu\/#website"},"datePublished":"2025-02-11T11:41:42+00:00","dateModified":"2025-02-14T10:33:18+00:00","breadcrumb":{"@id":"https:\/\/metalforming.hu\/termek\/nyithato-rakodo-kanal\/#breadcrumb"},"inLanguage":"en-GB","potentialAction":[{"@type":"ReadAction","target":["https:\/\/metalforming.hu\/termek\/nyithato-rakodo-kanal\/"]}]},{"@type":"BreadcrumbList","@id":"https:\/\/metalforming.hu\/termek\/nyithato-rakodo-kanal\/#breadcrumb","itemListElement":[{"@type":"ListItem","position":1,"name":"Kezd\u0151lap","item":"https:\/\/metalforming.hu\/"},{"@type":"ListItem","position":2,"name":"Shop","item":"https:\/\/metalforming.hu\/uzlet\/"},{"@type":"ListItem","position":3,"name":"Nyithat\u00f3 rakod\u00f3 kan\u00e1l"}]},{"@type":"WebSite","@id":"https:\/\/metalforming.hu\/#website","url":"https:\/\/metalforming.hu\/","name":"Metal forming","description":"Metalworking at the higher level","potentialAction":[{"@type":"SearchAction","target":{"@type":"EntryPoint","urlTemplate":"https:\/\/metalforming.hu\/?s={search_term_string}"},"query-input":{"@type":"PropertyValueSpecification","valueRequired":true,"valueName":"search_term_string"}}],"inLanguage":"en-GB"}]}},"_links":{"self":[{"href":"https:\/\/metalforming.hu\/en\/wp-json\/wp\/v2\/product\/405","targetHints":{"allow":["GET"]}}],"collection":[{"href":"https:\/\/metalforming.hu\/en\/wp-json\/wp\/v2\/product"}],"about":[{"href":"https:\/\/metalforming.hu\/en\/wp-json\/wp\/v2\/types\/product"}],"replies":[{"embeddable":true,"href":"https:\/\/metalforming.hu\/en\/wp-json\/wp\/v2\/comments?post=405"}],"version-history":[{"count":0,"href":"https:\/\/metalforming.hu\/en\/wp-json\/wp\/v2\/product\/405\/revisions"}],"wp:attachment":[{"href":"https:\/\/metalforming.hu\/en\/wp-json\/wp\/v2\/media?parent=405"}],"wp:term":[{"taxonomy":"product_brand","embeddable":true,"href":"https:\/\/metalforming.hu\/en\/wp-json\/wp\/v2\/product_brand?post=405"},{"taxonomy":"product_cat","embeddable":true,"href":"https:\/\/metalforming.hu\/en\/wp-json\/wp\/v2\/product_cat?post=405"},{"taxonomy":"product_tag","embeddable":true,"href":"https:\/\/metalforming.hu\/en\/wp-json\/wp\/v2\/product_tag?post=405"}],"curies":[{"name":"wp","href":"https:\/\/api.w.org\/{rel}","templated":true}]}}